{"id":474,"date":"2022-08-01T13:52:35","date_gmt":"2022-08-01T13:52:35","guid":{"rendered":"https:\/\/demo.artureanec.com\/themes\/industrium\/?page_id=474"},"modified":"2025-04-08T10:32:09","modified_gmt":"2025-04-08T11:02:09","slug":"blog","status":"publish","type":"page","link":"https:\/\/ucgedrs.com\/en\/blog\/","title":{"rendered":"Blog"},"content":{"rendered":"<div data-elementor-type=\"wp-page\" data-elementor-id=\"474\" class=\"elementor elementor-474\" data-elementor-post-type=\"page\">\n\t\t\t\t\t\t<section class=\"elementor-section elementor-top-section elementor-element elementor-element-b065b7a elementor-section-boxed elementor-section-height-default elementor-section-height-default\" data-id=\"b065b7a\" data-element_type=\"section\" data-e-type=\"section\">\n\t\t\t\t\t\t<div class=\"elementor-container elementor-column-gap-default\">\n\t\t\t\t\t<div class=\"elementor-column elementor-col-100 elementor-top-column elementor-element elementor-element-13dfc0d\" data-id=\"13dfc0d\" data-element_type=\"column\" data-e-type=\"column\">\n\t\t\t<div class=\"elementor-widget-wrap elementor-element-populated\">\n\t\t\t\t\t\t<div class=\"elementor-element elementor-element-42f307e elementor-hidden-tablet elementor-hidden-mobile_extra elementor-hidden-mobile elementor-widget elementor-widget-image\" data-id=\"42f307e\" data-element_type=\"widget\" data-e-type=\"widget\" data-widget_type=\"image.default\">\n\t\t\t\t<div class=\"elementor-widget-container\">\n\t\t\t\t\t\t\t\t\t\t\t\t\t\t\t<img fetchpriority=\"high\" decoding=\"async\" width=\"1883\" height=\"771\" src=\"https:\/\/ucgedrs.com\/wp-content\/uploads\/blogbanner.webp\" class=\"attachment-full size-full wp-image-20165\" alt=\"blogbanner\" srcset=\"https:\/\/ucgedrs.com\/wp-content\/uploads\/blogbanner.webp 1883w, https:\/\/ucgedrs.com\/wp-content\/uploads\/blogbanner-300x123.webp 300w, https:\/\/ucgedrs.com\/wp-content\/uploads\/blogbanner-1024x419.webp 1024w, https:\/\/ucgedrs.com\/wp-content\/uploads\/blogbanner-768x314.webp 768w, https:\/\/ucgedrs.com\/wp-content\/uploads\/blogbanner-1536x629.webp 1536w, https:\/\/ucgedrs.com\/wp-content\/uploads\/blogbanner-18x7.webp 18w\" sizes=\"(max-width: 1883px) 100vw, 1883px\" \/>\t\t\t\t\t\t\t\t\t\t\t\t\t\t\t<\/div>\n\t\t\t\t<\/div>\n\t\t\t\t<div class=\"elementor-element elementor-element-f870444 elementor-hidden-widescreen elementor-hidden-desktop elementor-hidden-laptop elementor-hidden-tablet_extra elementor-hidden-mobile elementor-widget elementor-widget-image\" data-id=\"f870444\" data-element_type=\"widget\" data-e-type=\"widget\" data-widget_type=\"image.default\">\n\t\t\t\t<div class=\"elementor-widget-container\">\n\t\t\t\t\t\t\t\t\t\t\t\t\t\t\t<img decoding=\"async\" width=\"1000\" height=\"800\" src=\"https:\/\/ucgedrs.com\/wp-content\/uploads\/blogbanner-mobil-2.webp\" class=\"attachment-full size-full wp-image-20172\" alt=\"blogbanner-mobil 2\" srcset=\"https:\/\/ucgedrs.com\/wp-content\/uploads\/blogbanner-mobil-2.webp 1000w, https:\/\/ucgedrs.com\/wp-content\/uploads\/blogbanner-mobil-2-300x240.webp 300w, https:\/\/ucgedrs.com\/wp-content\/uploads\/blogbanner-mobil-2-768x614.webp 768w, https:\/\/ucgedrs.com\/wp-content\/uploads\/blogbanner-mobil-2-15x12.webp 15w\" sizes=\"(max-width: 1000px) 100vw, 1000px\" \/>\t\t\t\t\t\t\t\t\t\t\t\t\t\t\t<\/div>\n\t\t\t\t<\/div>\n\t\t\t\t<div class=\"elementor-element elementor-element-d3f8d5f elementor-hidden-widescreen elementor-hidden-desktop elementor-hidden-laptop elementor-hidden-tablet_extra elementor-hidden-tablet elementor-hidden-mobile_extra elementor-widget elementor-widget-image\" data-id=\"d3f8d5f\" data-element_type=\"widget\" data-e-type=\"widget\" data-widget_type=\"image.default\">\n\t\t\t\t<div class=\"elementor-widget-container\">\n\t\t\t\t\t\t\t\t\t\t\t\t\t\t\t<img decoding=\"async\" width=\"400\" height=\"500\" src=\"https:\/\/ucgedrs.com\/wp-content\/uploads\/blogbanner-mobil.webp\" class=\"attachment-full size-full wp-image-20170\" alt=\"blogbanner-mobil\" srcset=\"https:\/\/ucgedrs.com\/wp-content\/uploads\/blogbanner-mobil.webp 400w, https:\/\/ucgedrs.com\/wp-content\/uploads\/blogbanner-mobil-240x300.webp 240w, https:\/\/ucgedrs.com\/wp-content\/uploads\/blogbanner-mobil-10x12.webp 10w, https:\/\/ucgedrs.com\/wp-content\/uploads\/blogbanner-mobil-384x480.webp 384w, https:\/\/ucgedrs.com\/wp-content\/uploads\/blogbanner-mobil-320x400.webp 320w\" sizes=\"(max-width: 400px) 100vw, 400px\" \/>\t\t\t\t\t\t\t\t\t\t\t\t\t\t\t<\/div>\n\t\t\t\t<\/div>\n\t\t\t\t<div class=\"elementor-element elementor-element-beef47c elementor-widget elementor-widget-heading\" data-id=\"beef47c\" data-element_type=\"widget\" data-e-type=\"widget\" data-widget_type=\"heading.default\">\n\t\t\t\t<div class=\"elementor-widget-container\">\n\t\t\t\t\t<h1 class=\"elementor-heading-title elementor-size-default\">BLOG<\/h1>\t\t\t\t<\/div>\n\t\t\t\t<\/div>\n\t\t\t\t<div class=\"elementor-element elementor-element-1c7f523 elementor-widget elementor-widget-text-editor\" data-id=\"1c7f523\" data-element_type=\"widget\" data-e-type=\"widget\" data-widget_type=\"text-editor.default\">\n\t\t\t\t<div class=\"elementor-widget-container\">\n\t\t\t\t\t\t\t\t\t<p>Innovative and up-to-date blog posts about \u00dc\u00c7GE DRS&#039; warehouse shelving systems and storage solutions<\/p>\t\t\t\t\t\t\t\t<\/div>\n\t\t\t\t<\/div>\n\t\t\t\t<div class=\"elementor-element elementor-element-f002a54 elementor-widget elementor-widget-industrium_blog_listing\" data-id=\"f002a54\" data-element_type=\"widget\" data-e-type=\"widget\" data-widget_type=\"industrium_blog_listing.default\">\n\t\t\t\t<div class=\"elementor-widget-container\">\n\t\t\t\t\t\n        <div class=\"archive-listing\" data-ajax='{&quot;post_type&quot;:&quot;post&quot;,&quot;posts_per_page&quot;:0,&quot;orderby&quot;:&quot;date&quot;,&quot;order&quot;:&quot;desc&quot;,&quot;paged&quot;:1,&quot;category_name&quot;:&quot;blogs&quot;,&quot;tag&quot;:&quot;&quot;,&quot;post__in&quot;:&quot;&quot;,&quot;ignore_sticky_posts&quot;:false,&quot;link_base&quot;:&quot;https:\\\/\\\/ucgedrs.com\\\/en\\\/wp-json\\\/wp\\\/v2\\\/pages\\\/474&quot;}' data-widget='{&quot;excerpt_length&quot;:190,&quot;show_cat&quot;:&quot;&quot;,&quot;show_media&quot;:&quot;yes&quot;,&quot;show_author&quot;:&quot;&quot;,&quot;show_date&quot;:&quot;yes&quot;,&quot;show_title&quot;:&quot;yes&quot;,&quot;show_tags&quot;:&quot;no&quot;,&quot;show_excerpt&quot;:&quot;&quot;,&quot;show_read_more&quot;:&quot;yes&quot;,&quot;read_more_text&quot;:&quot;Daha Fazlas\\u0131&quot;,&quot;item_class&quot;:&quot;post grid-item grid-blog-item-wrapper&quot;,&quot;columns_number&quot;:3,&quot;listing_type&quot;:&quot;grid&quot;}'>\n            <div class=\"archive-listing-wrapper grid-listing columns-3\">\n                \n<div class=\"standard-blog-item-wrapper post grid-item grid-blog-item-wrapper post-21092 type-post status-publish format-standard has-post-thumbnail hentry category-blogs\">\n    <div class=\"blog-item\">\n        <div class=\"post-media-wrapper\"><a href=\"https:\/\/ucgedrs.com\/en\/blogs\/depo-raf-sistemleri-depo-maliyetleri-azaltma\/\"><picture><source media=\"(max-width: 575px)\" sizes=\"(max-width: 535px) 535px\" srcset=\"https:\/\/ucgedrs.com\/wp-content\/uploads\/az-malietli-depo-raf.webp 535w\"><source media=\"(max-width: 991px)\" sizes=\"(max-width: 951px) 951px\" srcset=\"https:\/\/ucgedrs.com\/wp-content\/uploads\/az-malietli-depo-raf-480x600.webp 951w\"><img decoding=\"async\" alt=\"az malietli depo raf\" title=\"az malietli depo raf\" src=\"https:\/\/ucgedrs.com\/wp-content\/uploads\/az-malietli-depo-raf.webp\" class=\"attachment-industrium_post_grid_3_columns size-industrium_post_grid_3_columns wp-post-image\" \/><\/picture><\/a><\/div><div class=\"post-meta-header\"><div class=\"post-meta-item post-meta-item-date\"><a href=\"https:\/\/ucgedrs.com\/en\/2026\/01\/16\/\"><span class=\"post-meta-item-day\">16<\/span><span class=\"post-meta-item-month-year\">Jan '26<\/span><\/a><\/div><\/div><h4 class=\"post-title\"><a href=\"https:\/\/ucgedrs.com\/en\/blogs\/depo-raf-sistemleri-depo-maliyetleri-azaltma\/\">Depo Raf Sistemleri ile Depo Maliyetleri Nas\u0131l Azalt\u0131l\u0131r?<\/a><\/h4><div class=\"post-more-button\"><a href=\"https:\/\/ucgedrs.com\/en\/blogs\/depo-raf-sistemleri-depo-maliyetleri-azaltma\/\" class=\"industrium-button\">More<svg viewbox=\"0 0 13 20\"><polyline points=\"0.5 19.5 3 19.5 12.5 10 3 0.5\" \/><\/svg><\/a><\/div>    <\/div>\n<\/div>\n<div class=\"standard-blog-item-wrapper post grid-item grid-blog-item-wrapper post-21072 type-post status-publish format-standard has-post-thumbnail hentry category-blogs\">\n    <div class=\"blog-item\">\n        <div class=\"post-media-wrapper\"><a href=\"https:\/\/ucgedrs.com\/en\/blogs\/depo-raf-sistemi-uzun-vadeli-planlama\/\"><picture><source media=\"(max-width: 575px)\" sizes=\"(max-width: 535px) 535px\" srcset=\"https:\/\/ucgedrs.com\/wp-content\/uploads\/Depo-Raf-Sistemi.webp 535w\"><source media=\"(max-width: 991px)\" sizes=\"(max-width: 951px) 951px\" srcset=\"https:\/\/ucgedrs.com\/wp-content\/uploads\/Depo-Raf-Sistemi-480x600.webp 951w\"><img decoding=\"async\" alt=\"Depo Raf Sistemi\" title=\"Depo Raf Sistemi\" src=\"https:\/\/ucgedrs.com\/wp-content\/uploads\/Depo-Raf-Sistemi.webp\" class=\"attachment-industrium_post_grid_3_columns size-industrium_post_grid_3_columns wp-post-image\" \/><\/picture><\/a><\/div><div class=\"post-meta-header\"><div class=\"post-meta-item post-meta-item-date\"><a href=\"https:\/\/ucgedrs.com\/en\/2025\/12\/26\/\"><span class=\"post-meta-item-day\">26<\/span><span class=\"post-meta-item-month-year\">Dec '25<\/span><\/a><\/div><\/div><h4 class=\"post-title\"><a href=\"https:\/\/ucgedrs.com\/en\/blogs\/depo-raf-sistemi-uzun-vadeli-planlama\/\">Depo Raf Sistemi Yat\u0131r\u0131m\u0131nda Uzun Vadeli Planlama Nas\u0131l Yap\u0131lmal\u0131?<\/a><\/h4><div class=\"post-more-button\"><a href=\"https:\/\/ucgedrs.com\/en\/blogs\/depo-raf-sistemi-uzun-vadeli-planlama\/\" class=\"industrium-button\">More<svg viewbox=\"0 0 13 20\"><polyline points=\"0.5 19.5 3 19.5 12.5 10 3 0.5\" \/><\/svg><\/a><\/div>    <\/div>\n<\/div>\n<div class=\"standard-blog-item-wrapper post grid-item grid-blog-item-wrapper post-21047 type-post status-publish format-standard has-post-thumbnail hentry category-blogs\">\n    <div class=\"blog-item\">\n        <div class=\"post-media-wrapper\"><a href=\"https:\/\/ucgedrs.com\/en\/blogs\/endustriyel-depolamada-raf-sistemleri\/\"><picture><source media=\"(max-width: 575px)\" sizes=\"(max-width: 535px) 535px\" srcset=\"https:\/\/ucgedrs.com\/wp-content\/uploads\/Depolama-Raf-Sistemleri.webp 535w\"><source media=\"(max-width: 991px)\" sizes=\"(max-width: 951px) 951px\" srcset=\"https:\/\/ucgedrs.com\/wp-content\/uploads\/Depolama-Raf-Sistemleri-480x600.webp 951w\"><img decoding=\"async\" alt=\"Depolama-Raf-Sistemleri\" title=\"Depolama-Raf-Sistemleri\" src=\"https:\/\/ucgedrs.com\/wp-content\/uploads\/Depolama-Raf-Sistemleri.webp\" class=\"attachment-industrium_post_grid_3_columns size-industrium_post_grid_3_columns wp-post-image\" \/><\/picture><\/a><\/div><div class=\"post-meta-header\"><div class=\"post-meta-item post-meta-item-date\"><a href=\"https:\/\/ucgedrs.com\/en\/2025\/11\/28\/\"><span class=\"post-meta-item-day\">28<\/span><span class=\"post-meta-item-month-year\">Nov '25<\/span><\/a><\/div><\/div><h4 class=\"post-title\"><a href=\"https:\/\/ucgedrs.com\/en\/blogs\/endustriyel-depolamada-raf-sistemleri\/\">End\u00fcstriyel Depolamada G\u00fcvenli ve Uzun \u00d6m\u00fcrl\u00fc Raf Sistemleri<\/a><\/h4><div class=\"post-more-button\"><a href=\"https:\/\/ucgedrs.com\/en\/blogs\/endustriyel-depolamada-raf-sistemleri\/\" class=\"industrium-button\">More<svg viewbox=\"0 0 13 20\"><polyline points=\"0.5 19.5 3 19.5 12.5 10 3 0.5\" \/><\/svg><\/a><\/div>    <\/div>\n<\/div>\n<div class=\"standard-blog-item-wrapper post grid-item grid-blog-item-wrapper post-21003 type-post status-publish format-standard has-post-thumbnail hentry category-blogs\">\n    <div class=\"blog-item\">\n        <div class=\"post-media-wrapper\"><a href=\"https:\/\/ucgedrs.com\/en\/blogs\/depo-raf-sistemlerinde-dogru-raf-secimi\/\"><picture><source media=\"(max-width: 575px)\" sizes=\"(max-width: 535px) 535px\" srcset=\"https:\/\/ucgedrs.com\/wp-content\/uploads\/depo-raf-sistemleri-hatalar-dogru-secim-1.webp 535w\"><source media=\"(max-width: 991px)\" sizes=\"(max-width: 951px) 951px\" srcset=\"https:\/\/ucgedrs.com\/wp-content\/uploads\/depo-raf-sistemleri-hatalar-dogru-secim-1-480x600.webp 951w\"><img decoding=\"async\" alt=\"depo-raf-sistemleri-hatalar-dogru-secim\" title=\"depo-raf-sistemleri-hatalar-dogru-secim\" src=\"https:\/\/ucgedrs.com\/wp-content\/uploads\/depo-raf-sistemleri-hatalar-dogru-secim-1.webp\" class=\"attachment-industrium_post_grid_3_columns size-industrium_post_grid_3_columns wp-post-image\" \/><\/picture><\/a><\/div><div class=\"post-meta-header\"><div class=\"post-meta-item post-meta-item-date\"><a href=\"https:\/\/ucgedrs.com\/en\/2025\/10\/31\/\"><span class=\"post-meta-item-day\">31<\/span><span class=\"post-meta-item-month-year\">Oct '25<\/span><\/a><\/div><\/div><h4 class=\"post-title\"><a href=\"https:\/\/ucgedrs.com\/en\/blogs\/depo-raf-sistemlerinde-dogru-raf-secimi\/\">Depo Raf Sistemlerinde Yap\u0131lan Hatalar ve Do\u011fru Se\u00e7im<\/a><\/h4><div class=\"post-more-button\"><a href=\"https:\/\/ucgedrs.com\/en\/blogs\/depo-raf-sistemlerinde-dogru-raf-secimi\/\" class=\"industrium-button\">More<svg viewbox=\"0 0 13 20\"><polyline points=\"0.5 19.5 3 19.5 12.5 10 3 0.5\" \/><\/svg><\/a><\/div>    <\/div>\n<\/div>\n<div class=\"standard-blog-item-wrapper post grid-item grid-blog-item-wrapper post-20957 type-post status-publish format-standard has-post-thumbnail hentry category-blogs\">\n    <div class=\"blog-item\">\n        <div class=\"post-media-wrapper\"><a href=\"https:\/\/ucgedrs.com\/en\/blogs\/paletli-raf-sistemleri-nedir\/\"><picture><source media=\"(max-width: 575px)\" sizes=\"(max-width: 535px) 535px\" srcset=\"https:\/\/ucgedrs.com\/wp-content\/uploads\/UCGE-DRS-Paletli-Raf-Sistemleri.webp 535w\"><source media=\"(max-width: 991px)\" sizes=\"(max-width: 951px) 951px\" srcset=\"https:\/\/ucgedrs.com\/wp-content\/uploads\/UCGE-DRS-Paletli-Raf-Sistemleri-480x600.webp 951w\"><img decoding=\"async\" alt=\"UCGE-DRS-Paletli-Raf-Sistemleri\" title=\"UCGE-DRS-Paletli-Raf-Sistemleri\" src=\"https:\/\/ucgedrs.com\/wp-content\/uploads\/UCGE-DRS-Paletli-Raf-Sistemleri.webp\" class=\"attachment-industrium_post_grid_3_columns size-industrium_post_grid_3_columns wp-post-image\" \/><\/picture><\/a><\/div><div class=\"post-meta-header\"><div class=\"post-meta-item post-meta-item-date\"><a href=\"https:\/\/ucgedrs.com\/en\/2025\/09\/25\/\"><span class=\"post-meta-item-day\">25<\/span><span class=\"post-meta-item-month-year\">Sep '25<\/span><\/a><\/div><\/div><h4 class=\"post-title\"><a href=\"https:\/\/ucgedrs.com\/en\/blogs\/paletli-raf-sistemleri-nedir\/\">Paletli Raf Sistemleri Nedir?<\/a><\/h4><div class=\"post-more-button\"><a href=\"https:\/\/ucgedrs.com\/en\/blogs\/paletli-raf-sistemleri-nedir\/\" class=\"industrium-button\">More<svg viewbox=\"0 0 13 20\"><polyline points=\"0.5 19.5 3 19.5 12.5 10 3 0.5\" \/><\/svg><\/a><\/div>    <\/div>\n<\/div>\n<div class=\"standard-blog-item-wrapper post grid-item grid-blog-item-wrapper post-20912 type-post status-publish format-standard has-post-thumbnail hentry category-blogs\">\n    <div class=\"blog-item\">\n        <div class=\"post-media-wrapper\"><a href=\"https:\/\/ucgedrs.com\/en\/blogs\/yeni-nesil-depolama-teknolojileri\/\"><picture><source media=\"(max-width: 575px)\" sizes=\"(max-width: 535px) 535px\" srcset=\"https:\/\/ucgedrs.com\/wp-content\/uploads\/depolama-teknolojileri_02.webp 535w\"><source media=\"(max-width: 991px)\" sizes=\"(max-width: 951px) 951px\" srcset=\"https:\/\/ucgedrs.com\/wp-content\/uploads\/depolama-teknolojileri_02-480x600.webp 951w\"><img decoding=\"async\" alt=\"depolama teknolojileri_02\" title=\"depolama teknolojileri_02\" src=\"https:\/\/ucgedrs.com\/wp-content\/uploads\/depolama-teknolojileri_02.webp\" class=\"attachment-industrium_post_grid_3_columns size-industrium_post_grid_3_columns wp-post-image\" \/><\/picture><\/a><\/div><div class=\"post-meta-header\"><div class=\"post-meta-item post-meta-item-date\"><a href=\"https:\/\/ucgedrs.com\/en\/2025\/08\/25\/\"><span class=\"post-meta-item-day\">25<\/span><span class=\"post-meta-item-month-year\">Aug '25<\/span><\/a><\/div><\/div><h4 class=\"post-title\"><a href=\"https:\/\/ucgedrs.com\/en\/blogs\/yeni-nesil-depolama-teknolojileri\/\">Boost Efficiency in Logistics with Next-Generation Storage Technologies<\/a><\/h4><div class=\"post-more-button\"><a href=\"https:\/\/ucgedrs.com\/en\/blogs\/yeni-nesil-depolama-teknolojileri\/\" class=\"industrium-button\">More<svg viewbox=\"0 0 13 20\"><polyline points=\"0.5 19.5 3 19.5 12.5 10 3 0.5\" \/><\/svg><\/a><\/div>    <\/div>\n<\/div>\n<div class=\"standard-blog-item-wrapper post grid-item grid-blog-item-wrapper post-20755 type-post status-publish format-standard has-post-thumbnail hentry category-blogs\">\n    <div class=\"blog-item\">\n        <div class=\"post-media-wrapper\"><a href=\"https:\/\/ucgedrs.com\/en\/blogs\/agir-yuk-raf-sistemleri-ile-depolamada-maksimum-verimlilik\/\"><picture><source media=\"(max-width: 575px)\" sizes=\"(max-width: 535px) 535px\" srcset=\"https:\/\/ucgedrs.com\/wp-content\/uploads\/agir-yuk_02.webp 535w\"><source media=\"(max-width: 991px)\" sizes=\"(max-width: 951px) 951px\" srcset=\"https:\/\/ucgedrs.com\/wp-content\/uploads\/agir-yuk_02-480x600.webp 951w\"><img decoding=\"async\" alt=\"a\u011f\u0131r y\u00fck_02\" title=\"a\u011f\u0131r y\u00fck_02\" src=\"https:\/\/ucgedrs.com\/wp-content\/uploads\/agir-yuk_02.webp\" class=\"attachment-industrium_post_grid_3_columns size-industrium_post_grid_3_columns wp-post-image\" \/><\/picture><\/a><\/div><div class=\"post-meta-header\"><div class=\"post-meta-item post-meta-item-date\"><a href=\"https:\/\/ucgedrs.com\/en\/2025\/07\/21\/\"><span class=\"post-meta-item-day\">21<\/span><span class=\"post-meta-item-month-year\">Jul '25<\/span><\/a><\/div><\/div><h4 class=\"post-title\"><a href=\"https:\/\/ucgedrs.com\/en\/blogs\/agir-yuk-raf-sistemleri-ile-depolamada-maksimum-verimlilik\/\">Maximizing Efficiency in Warehousing with Heavy-Duty Racking Systems<\/a><\/h4><div class=\"post-more-button\"><a href=\"https:\/\/ucgedrs.com\/en\/blogs\/agir-yuk-raf-sistemleri-ile-depolamada-maksimum-verimlilik\/\" class=\"industrium-button\">More<svg viewbox=\"0 0 13 20\"><polyline points=\"0.5 19.5 3 19.5 12.5 10 3 0.5\" \/><\/svg><\/a><\/div>    <\/div>\n<\/div>\n<div class=\"standard-blog-item-wrapper post grid-item grid-blog-item-wrapper post-20738 type-post status-publish format-standard has-post-thumbnail hentry category-blogs tag-endustriyel-depo tag-endustriyel-depo-raf tag-endustriyel-depolama tag-endustriyel-raf\">\n    <div class=\"blog-item\">\n        <div class=\"post-media-wrapper\"><a href=\"https:\/\/ucgedrs.com\/en\/blogs\/endustriyel-depo-planlamasi\/\"><picture><source media=\"(max-width: 575px)\" sizes=\"(max-width: 535px) 535px\" srcset=\"https:\/\/ucgedrs.com\/wp-content\/uploads\/Endustriyel-Depo-Planlamasi_001.webp 535w\"><source media=\"(max-width: 991px)\" sizes=\"(max-width: 951px) 951px\" srcset=\"https:\/\/ucgedrs.com\/wp-content\/uploads\/Endustriyel-Depo-Planlamasi_001-480x600.webp 951w\"><img decoding=\"async\" alt=\"End\u00fcstriyel Depo Planlamas\u0131_001\" title=\"End\u00fcstriyel Depo Planlamas\u0131_001\" src=\"https:\/\/ucgedrs.com\/wp-content\/uploads\/Endustriyel-Depo-Planlamasi_001.webp\" class=\"attachment-industrium_post_grid_3_columns size-industrium_post_grid_3_columns wp-post-image\" \/><\/picture><\/a><\/div><div class=\"post-meta-header\"><div class=\"post-meta-item post-meta-item-date\"><a href=\"https:\/\/ucgedrs.com\/en\/2025\/06\/16\/\"><span class=\"post-meta-item-day\">16<\/span><span class=\"post-meta-item-month-year\">Jun '25<\/span><\/a><\/div><\/div><h4 class=\"post-title\"><a href=\"https:\/\/ucgedrs.com\/en\/blogs\/endustriyel-depo-planlamasi\/\">Key Considerations in Industrial Warehouse Planning<\/a><\/h4><div class=\"post-more-button\"><a href=\"https:\/\/ucgedrs.com\/en\/blogs\/endustriyel-depo-planlamasi\/\" class=\"industrium-button\">More<svg viewbox=\"0 0 13 20\"><polyline points=\"0.5 19.5 3 19.5 12.5 10 3 0.5\" \/><\/svg><\/a><\/div>    <\/div>\n<\/div>\n<div class=\"standard-blog-item-wrapper post grid-item grid-blog-item-wrapper post-20718 type-post status-publish format-standard has-post-thumbnail hentry category-blogs tag-depo tag-depo-raf tag-deprem\">\n    <div class=\"blog-item\">\n        <div class=\"post-media-wrapper\"><a href=\"https:\/\/ucgedrs.com\/en\/blogs\/depreme-dayanikli-depo-sistemlerinin-onemi-ve-insasinda-dikkat-edilmesi-gerekenler\/\"><picture><source media=\"(max-width: 575px)\" sizes=\"(max-width: 535px) 535px\" srcset=\"https:\/\/ucgedrs.com\/wp-content\/uploads\/depreme-dayanikli-depo_02.webp 535w\"><source media=\"(max-width: 991px)\" sizes=\"(max-width: 951px) 951px\" srcset=\"https:\/\/ucgedrs.com\/wp-content\/uploads\/depreme-dayanikli-depo_02-480x600.webp 951w\"><img decoding=\"async\" alt=\"depreme dayan\u0131kl\u0131 depo_02\" title=\"depreme dayan\u0131kl\u0131 depo_02\" src=\"https:\/\/ucgedrs.com\/wp-content\/uploads\/depreme-dayanikli-depo_02.webp\" class=\"attachment-industrium_post_grid_3_columns size-industrium_post_grid_3_columns wp-post-image\" \/><\/picture><\/a><\/div><div class=\"post-meta-header\"><div class=\"post-meta-item post-meta-item-date\"><a href=\"https:\/\/ucgedrs.com\/en\/2025\/05\/09\/\"><span class=\"post-meta-item-day\">09<\/span><span class=\"post-meta-item-month-year\">May '25<\/span><\/a><\/div><\/div><h4 class=\"post-title\"><a href=\"https:\/\/ucgedrs.com\/en\/blogs\/depreme-dayanikli-depo-sistemlerinin-onemi-ve-insasinda-dikkat-edilmesi-gerekenler\/\">The Importance of Earthquake-Resistant Warehouse Systems and Key Construction Considerations<\/a><\/h4><div class=\"post-more-button\"><a href=\"https:\/\/ucgedrs.com\/en\/blogs\/depreme-dayanikli-depo-sistemlerinin-onemi-ve-insasinda-dikkat-edilmesi-gerekenler\/\" class=\"industrium-button\">More<svg viewbox=\"0 0 13 20\"><polyline points=\"0.5 19.5 3 19.5 12.5 10 3 0.5\" \/><\/svg><\/a><\/div>    <\/div>\n<\/div>\n<div class=\"standard-blog-item-wrapper post grid-item grid-blog-item-wrapper post-20708 type-post status-publish format-standard has-post-thumbnail hentry category-blogs tag-gida-depo tag-gida-depo-raf tag-gida-depolama tag-gida-sektoru\">\n    <div class=\"blog-item\">\n        <div class=\"post-media-wrapper\"><a href=\"https:\/\/ucgedrs.com\/en\/blogs\/gida-sektoru-depolama-cozumleri-ile-depo-verimliligini-artirin\/\"><picture><source media=\"(max-width: 575px)\" sizes=\"(max-width: 535px) 535px\" srcset=\"https:\/\/ucgedrs.com\/wp-content\/uploads\/Gida-Sektoru-Depolama-Cozumleri-e1744877209760-640x600.webp 535w\"><source media=\"(max-width: 991px)\" sizes=\"(max-width: 951px) 951px\" srcset=\"https:\/\/ucgedrs.com\/wp-content\/uploads\/Gida-Sektoru-Depolama-Cozumleri-e1744877209760-480x600.webp 951w\"><img decoding=\"async\" alt=\"G\u0131da Sekt\u00f6r\u00fc Depolama \u00c7\u00f6z\u00fcmleri\" title=\"G\u0131da Sekt\u00f6r\u00fc Depolama \u00c7\u00f6z\u00fcmleri\" src=\"https:\/\/ucgedrs.com\/wp-content\/uploads\/Gida-Sektoru-Depolama-Cozumleri-e1744877209760-640x600.webp\" class=\"attachment-industrium_post_grid_3_columns size-industrium_post_grid_3_columns wp-post-image\" \/><\/picture><\/a><\/div><div class=\"post-meta-header\"><div class=\"post-meta-item post-meta-item-date\"><a href=\"https:\/\/ucgedrs.com\/en\/2025\/04\/17\/\"><span class=\"post-meta-item-day\">17<\/span><span class=\"post-meta-item-month-year\">Apr '25<\/span><\/a><\/div><\/div><h4 class=\"post-title\"><a href=\"https:\/\/ucgedrs.com\/en\/blogs\/gida-sektoru-depolama-cozumleri-ile-depo-verimliligini-artirin\/\">Increase Warehouse Efficiency with Food Industry Storage Solutions<\/a><\/h4><div class=\"post-more-button\"><a href=\"https:\/\/ucgedrs.com\/en\/blogs\/gida-sektoru-depolama-cozumleri-ile-depo-verimliligini-artirin\/\" class=\"industrium-button\">More<svg viewbox=\"0 0 13 20\"><polyline points=\"0.5 19.5 3 19.5 12.5 10 3 0.5\" \/><\/svg><\/a><\/div>    <\/div>\n<\/div>            <\/div>\n\n            <div class=\"content-pagination\"><nav class=\"navigation pagination\"><h2 class=\"screen-reader-text\">Pagination<\/h2><div class=\"nav-links\"><span aria-current=\"page\" class=\"page-numbers current\">1<\/span>\n<a class=\"page-numbers\" href=\"https:\/\/ucgedrs.com\/en\/wp-json\/wp\/v2\/pages\/474\/?f002a54-paged=2\">2<\/a>\n<a class=\"page-numbers\" href=\"https:\/\/ucgedrs.com\/en\/wp-json\/wp\/v2\/pages\/474\/?f002a54-paged=3\">3<\/a>\n<a class=\"next page-numbers\" href=\"https:\/\/ucgedrs.com\/en\/wp-json\/wp\/v2\/pages\/474\/?f002a54-paged=2\"><div class=\"button-icon\"><\/div><\/a><\/div><\/nav><\/div>        <\/div>\n        \t\t\t\t<\/div>\n\t\t\t\t<\/div>\n\t\t\t\t\t<\/div>\n\t\t<\/div>\n\t\t\t\t\t<\/div>\n\t\t<\/section>\n\t\t\t\t<\/div>","protected":false},"excerpt":{"rendered":"<p>&#8230;<\/p>","protected":false},"author":1,"featured_media":0,"parent":0,"menu_order":0,"comment_status":"closed","ping_status":"closed","template":"elementor_header_footer","meta":{"footnotes":""},"class_list":["post-474","page","type-page","status-publish","hentry"],"_links":{"self":[{"href":"https:\/\/ucgedrs.com\/en\/wp-json\/wp\/v2\/pages\/474","targetHints":{"allow":["GET"]}}],"collection":[{"href":"https:\/\/ucgedrs.com\/en\/wp-json\/wp\/v2\/pages"}],"about":[{"href":"https:\/\/ucgedrs.com\/en\/wp-json\/wp\/v2\/types\/page"}],"author":[{"embeddable":true,"href":"https:\/\/ucgedrs.com\/en\/wp-json\/wp\/v2\/users\/1"}],"replies":[{"embeddable":true,"href":"https:\/\/ucgedrs.com\/en\/wp-json\/wp\/v2\/comments?post=474"}],"version-history":[{"count":0,"href":"https:\/\/ucgedrs.com\/en\/wp-json\/wp\/v2\/pages\/474\/revisions"}],"wp:attachment":[{"href":"https:\/\/ucgedrs.com\/en\/wp-json\/wp\/v2\/media?parent=474"}],"curies":[{"name":"wp","href":"https:\/\/api.w.org\/{rel}","templated":true}]}}