{"id":3503,"date":"2022-03-23T11:48:35","date_gmt":"2022-03-23T08:48:35","guid":{"rendered":"https:\/\/ucgedrs.com\/?page_id=3503"},"modified":"2025-02-25T12:15:57","modified_gmt":"2025-02-25T12:45:57","slug":"contact","status":"publish","type":"page","link":"https:\/\/ucgedrs.com\/en\/iletisim\/","title":{"rendered":"Contact"},"content":{"rendered":"\t\t<div data-elementor-type=\"wp-page\" data-elementor-id=\"3503\" class=\"elementor elementor-3503\" data-elementor-post-type=\"page\">\n\t\t\t\t\t\t<section class=\"elementor-section elementor-top-section elementor-element elementor-element-0100f6c elementor-section-boxed elementor-section-height-default elementor-section-height-default\" data-id=\"0100f6c\" data-element_type=\"section\" data-e-type=\"section\">\n\t\t\t\t\t\t<div class=\"elementor-container elementor-column-gap-default\">\n\t\t\t\t\t<div class=\"elementor-column elementor-col-100 elementor-top-column elementor-element elementor-element-247b63c\" data-id=\"247b63c\" data-element_type=\"column\" data-e-type=\"column\">\n\t\t\t<div class=\"elementor-widget-wrap elementor-element-populated\">\n\t\t\t\t\t\t<div class=\"elementor-element elementor-element-e131591 elementor-widget elementor-widget-image\" data-id=\"e131591\" data-element_type=\"widget\" data-e-type=\"widget\" data-widget_type=\"image.default\">\n\t\t\t\t<div class=\"elementor-widget-container\">\n\t\t\t\t\t\t\t\t\t\t\t\t\t\t\t<img fetchpriority=\"high\" decoding=\"async\" width=\"1883\" height=\"771\" src=\"https:\/\/ucgedrs.com\/wp-content\/uploads\/2023\/09\/iletisim-banneri.jpg\" class=\"attachment-full size-full wp-image-17121\" alt=\"ileti\u015fim-banner\u0131\" srcset=\"https:\/\/ucgedrs.com\/wp-content\/uploads\/2023\/09\/iletisim-banneri.jpg 1883w, https:\/\/ucgedrs.com\/wp-content\/uploads\/2023\/09\/iletisim-banneri-300x123.jpg 300w, https:\/\/ucgedrs.com\/wp-content\/uploads\/2023\/09\/iletisim-banneri-1024x419.jpg 1024w, https:\/\/ucgedrs.com\/wp-content\/uploads\/2023\/09\/iletisim-banneri-768x314.jpg 768w, https:\/\/ucgedrs.com\/wp-content\/uploads\/2023\/09\/iletisim-banneri-1536x629.jpg 1536w, https:\/\/ucgedrs.com\/wp-content\/uploads\/2023\/09\/iletisim-banneri-18x7.jpg 18w\" sizes=\"(max-width: 1883px) 100vw, 1883px\" \/>\t\t\t\t\t\t\t\t\t\t\t\t\t\t\t<\/div>\n\t\t\t\t<\/div>\n\t\t\t\t<div class=\"elementor-element elementor-element-5cc0ae3 elementor-widget__width-auto elementor-absolute elementor-widget elementor-widget-heading\" data-id=\"5cc0ae3\" data-element_type=\"widget\" data-e-type=\"widget\" data-settings=\"{&quot;_position&quot;:&quot;absolute&quot;}\" data-widget_type=\"heading.default\">\n\t\t\t\t<div class=\"elementor-widget-container\">\n\t\t\t\t\t<h1 class=\"elementor-heading-title elementor-size-large\">\u0130leti\u015fim<\/h1>\t\t\t\t<\/div>\n\t\t\t\t<\/div>\n\t\t\t\t<div class=\"elementor-element elementor-element-9c58487 elementor-widget elementor-widget-heading\" data-id=\"9c58487\" data-element_type=\"widget\" data-e-type=\"widget\" data-widget_type=\"heading.default\">\n\t\t\t\t<div class=\"elementor-widget-container\">\n\t\t\t\t\t<h2 class=\"elementor-heading-title elementor-size-large\">\u00dc\u00c7GE DRS Depo Raf Sistemleri \u0130leti\u015fim Formu<\/h2>\t\t\t\t<\/div>\n\t\t\t\t<\/div>\n\t\t\t\t<div class=\"elementor-element elementor-element-914a636 elementor-widget elementor-widget-text-editor\" data-id=\"914a636\" data-element_type=\"widget\" data-e-type=\"widget\" data-widget_type=\"text-editor.default\">\n\t\t\t\t<div class=\"elementor-widget-container\">\n\t\t\t\t\t\t\t\t\t<p>L\u00fctfen bizimle a\u015fa\u011f\u0131daki ileti\u015fim formunu kullanarak ileti\u015fime ge\u00e7in. Size yard\u0131mc\u0131 olmaktan memnuniyet duyar\u0131z.<\/p>\t\t\t\t\t\t\t\t<\/div>\n\t\t\t\t<\/div>\n\t\t\t\t<div class=\"elementor-element elementor-element-492b9ca elementor-widget elementor-widget-html\" data-id=\"492b9ca\" data-element_type=\"widget\" data-e-type=\"widget\" data-no-translation=\"\" data-widget_type=\"html.default\">\n\t\t\t\t<div class=\"elementor-widget-container\">\n\t\t\t\t\t<style>.elementor-element-492b9ca{display:none !important}<\/style>\t\t\t\t<\/div>\n\t\t\t\t<\/div>\n\t\t\t\t<div class=\"elementor-element elementor-element-9b87a57 elementor-widget elementor-widget-html\" data-id=\"9b87a57\" data-element_type=\"widget\" data-e-type=\"widget\" data-no-translation=\"\" data-widget_type=\"html.default\">\n\t\t\t\t<div class=\"elementor-widget-container\">\n\t\t\t\t\t\r\n    <iframe\r\n      id=\"JotFormIFrame-220813634388964\"\r\n      title=\"\u00dc\u00c7GE DRS Warehouse Racking Systems Contact Form\"\r\n      onload=\"window.parent.scrollTo(0,0)\"\r\n      allowtransparency=\"true\"\r\n      allow=\"geolocation; microphone; camera; fullscreen\"\r\n      src=\"https:\/\/form.jotform.com\/220813634388964\"\r\n      frameborder=\"0\"\r\n      style=\"min-width:100%;max-width:100%;height:539px;border:none;\"\r\n      scrolling=\"no\"\r\n    >\r\n    <\/iframe>\r\n    <script src='https:\/\/cdn.jotfor.ms\/s\/umd\/latest\/for-form-embed-handler.js'><\/script>\r\n    <script>window.jotformEmbedHandler(\"iframe[id='JotFormIFrame-220813634388964']\", \"https:\/\/form.jotform.com\/\")<\/script>\r\n    \t\t\t\t<\/div>\n\t\t\t\t<\/div>\n\t\t\t\t\t<\/div>\n\t\t<\/div>\n\t\t\t\t\t<\/div>\n\t\t<\/section>\n\t\t\t\t<\/div>\n\t\t","protected":false},"excerpt":{"rendered":"<p>&#8230;<\/p>","protected":false},"author":1,"featured_media":616,"parent":0,"menu_order":0,"comment_status":"closed","ping_status":"closed","template":"elementor_header_footer","meta":{"footnotes":""},"class_list":["post-3503","page","type-page","status-publish","has-post-thumbnail","hentry"],"_links":{"self":[{"href":"https:\/\/ucgedrs.com\/en\/wp-json\/wp\/v2\/pages\/3503","targetHints":{"allow":["GET"]}}],"collection":[{"href":"https:\/\/ucgedrs.com\/en\/wp-json\/wp\/v2\/pages"}],"about":[{"href":"https:\/\/ucgedrs.com\/en\/wp-json\/wp\/v2\/types\/page"}],"author":[{"embeddable":true,"href":"https:\/\/ucgedrs.com\/en\/wp-json\/wp\/v2\/users\/1"}],"replies":[{"embeddable":true,"href":"https:\/\/ucgedrs.com\/en\/wp-json\/wp\/v2\/comments?post=3503"}],"version-history":[{"count":0,"href":"https:\/\/ucgedrs.com\/en\/wp-json\/wp\/v2\/pages\/3503\/revisions"}],"wp:featuredmedia":[{"embeddable":true,"href":"https:\/\/ucgedrs.com\/en\/wp-json\/"}],"wp:attachment":[{"href":"https:\/\/ucgedrs.com\/en\/wp-json\/wp\/v2\/media?parent=3503"}],"curies":[{"name":"wp","href":"https:\/\/api.w.org\/{rel}","templated":true}]}}