{"id":2727,"date":"2021-12-21T19:06:12","date_gmt":"2021-12-21T19:06:12","guid":{"rendered":"https:\/\/ucgedrs.com\/?page_id=2727"},"modified":"2025-04-07T08:36:41","modified_gmt":"2025-04-07T09:06:41","slug":"quality-policy","status":"publish","type":"page","link":"https:\/\/ucgedrs.com\/en\/kalite-politikamiz\/","title":{"rendered":"Quality Policy"},"content":{"rendered":"<div data-elementor-type=\"wp-page\" data-elementor-id=\"2727\" class=\"elementor elementor-2727\" data-elementor-post-type=\"page\">\n\t\t\t\t\t\t<section class=\"elementor-section elementor-top-section elementor-element elementor-element-55e4b27 elementor-section-boxed elementor-section-height-default elementor-section-height-default\" data-id=\"55e4b27\" data-element_type=\"section\" data-e-type=\"section\">\n\t\t\t\t\t\t<div class=\"elementor-container elementor-column-gap-default\">\n\t\t\t\t\t<div class=\"elementor-column elementor-col-100 elementor-top-column elementor-element elementor-element-18831d7\" data-id=\"18831d7\" data-element_type=\"column\" data-e-type=\"column\">\n\t\t\t<div class=\"elementor-widget-wrap elementor-element-populated\">\n\t\t\t\t\t\t<div class=\"elementor-element elementor-element-2237415 elementor-widget elementor-widget-image\" data-id=\"2237415\" data-element_type=\"widget\" data-e-type=\"widget\" data-widget_type=\"image.default\">\n\t\t\t\t<div class=\"elementor-widget-container\">\n\t\t\t\t\t\t\t\t\t\t\t\t\t\t\t<img fetchpriority=\"high\" decoding=\"async\" width=\"1883\" height=\"771\" src=\"https:\/\/ucgedrs.com\/wp-content\/uploads\/2023\/09\/kalite-politikasi-banneri.jpg\" class=\"attachment-full size-full wp-image-17149\" alt=\"quality-policy-banner\" srcset=\"https:\/\/ucgedrs.com\/wp-content\/uploads\/2023\/09\/kalite-politikasi-banneri.jpg 1883w, https:\/\/ucgedrs.com\/wp-content\/uploads\/2023\/09\/kalite-politikasi-banneri-300x123.jpg 300w, https:\/\/ucgedrs.com\/wp-content\/uploads\/2023\/09\/kalite-politikasi-banneri-1024x419.jpg 1024w, https:\/\/ucgedrs.com\/wp-content\/uploads\/2023\/09\/kalite-politikasi-banneri-768x314.jpg 768w, https:\/\/ucgedrs.com\/wp-content\/uploads\/2023\/09\/kalite-politikasi-banneri-1536x629.jpg 1536w, https:\/\/ucgedrs.com\/wp-content\/uploads\/2023\/09\/kalite-politikasi-banneri-18x7.jpg 18w\" sizes=\"(max-width: 1883px) 100vw, 1883px\" \/>\t\t\t\t\t\t\t\t\t\t\t\t\t\t\t<\/div>\n\t\t\t\t<\/div>\n\t\t\t\t<div class=\"elementor-element elementor-element-c0cd562 elementor-widget__width-auto elementor-absolute elementor-widget elementor-widget-heading\" data-id=\"c0cd562\" data-element_type=\"widget\" data-e-type=\"widget\" data-settings=\"{&quot;_position&quot;:&quot;absolute&quot;}\" data-widget_type=\"heading.default\">\n\t\t\t\t<div class=\"elementor-widget-container\">\n\t\t\t\t\t<h1 class=\"elementor-heading-title elementor-size-default\">Quality Policy<\/h1>\t\t\t\t<\/div>\n\t\t\t\t<\/div>\n\t\t\t\t<div class=\"elementor-element elementor-element-970491b elementor-widget elementor-widget-text-editor\" data-id=\"970491b\" data-element_type=\"widget\" data-e-type=\"widget\" data-widget_type=\"text-editor.default\">\n\t\t\t\t<div class=\"elementor-widget-container\">\n\t\t\t\t\t\t\t\t\t<p>In all our national and international activities that we carry out with the principles of Power, Trust, Glory (\u00dc\u00c7GE), as \u00dc\u00c7GE, we are committed to constantly improving the quality management system to ensure the satisfaction of all our stakeholders at the highest level, with the philosophy of creating value for the future.<br \/><br \/>\u2022 Keeping our customers&#039; satisfaction at the highest level and making sustainable contributions to their development<br \/>\u2022 Our most important value is to protect the rights of our employees with the human philosophy, to contribute to their development, and to carry out our activities in a fair, healthy, safe and supportive working environment.<br \/>\u2022 Strengthening our cooperation with our suppliers to increase the quality of the products and services they offer, and monitoring and supporting their development.<br \/>\u2022 To make our innovative approach sustainable in line with the rapidly changing business models in the world and to make all our systems and processes technological and digital.<br \/>\u2022 Adopting innovation as a dynamic element of corporate culture and supporting creative and innovative perspectives in order to be a pioneer in design, technology and innovation,<br \/>\u2022 Trying to achieve corporate resilience and operational excellence by managing risks and opportunities with a proactive approach in all our processes.<br \/>\u2022 To protect natural resources, the environment and ecological balance by observing the principle of Sustainable Resource Management in our entire value chain.<br \/>\u2022 In our business processes and relations with all our stakeholders; To fully comply with local and international ethical rules by giving importance to the principles of justice, transparency, honesty and equality, and to respect laws and regulations.<br \/>\u2022 To ensure continuous improvement and development in all activities we carry out, in line with measurable targets and standards.<br \/>\u2022 Meeting the applicable expectations of interested parties<\/p>\t\t\t\t\t\t\t\t<\/div>\n\t\t\t\t<\/div>\n\t\t\t\t\t<\/div>\n\t\t<\/div>\n\t\t\t\t\t<\/div>\n\t\t<\/section>\n\t\t\t\t<section class=\"elementor-section elementor-top-section elementor-element elementor-element-9193cae elementor-section-boxed elementor-section-height-default elementor-section-height-default\" data-id=\"9193cae\" data-element_type=\"section\" data-e-type=\"section\">\n\t\t\t\t\t\t<div class=\"elementor-container elementor-column-gap-default\">\n\t\t\t\t\t<div class=\"elementor-column elementor-col-100 elementor-top-column elementor-element elementor-element-95c90c9\" data-id=\"95c90c9\" data-element_type=\"column\" data-e-type=\"column\">\n\t\t\t<div class=\"elementor-widget-wrap elementor-element-populated\">\n\t\t\t\t\t\t<div class=\"elementor-element elementor-element-712090d elementor-widget elementor-widget-image\" data-id=\"712090d\" data-element_type=\"widget\" data-e-type=\"widget\" data-widget_type=\"image.default\">\n\t\t\t\t<div class=\"elementor-widget-container\">\n\t\t\t\t\t\t\t\t\t\t\t\t\t\t\t<img decoding=\"async\" width=\"724\" height=\"1024\" src=\"https:\/\/ucgedrs.com\/wp-content\/uploads\/ucgedrs-9001-tr-2.jpg\" class=\"attachment-large size-large wp-image-20647\" alt=\"\" srcset=\"https:\/\/ucgedrs.com\/wp-content\/uploads\/ucgedrs-9001-tr-2.jpg 1754w, https:\/\/ucgedrs.com\/wp-content\/uploads\/ucgedrs-9001-tr-2-212x300.jpg 212w, https:\/\/ucgedrs.com\/wp-content\/uploads\/ucgedrs-9001-tr-2-724x1024.jpg 724w, https:\/\/ucgedrs.com\/wp-content\/uploads\/ucgedrs-9001-tr-2-768x1086.jpg 768w, https:\/\/ucgedrs.com\/wp-content\/uploads\/ucgedrs-9001-tr-2-1086x1536.jpg 1086w, https:\/\/ucgedrs.com\/wp-content\/uploads\/ucgedrs-9001-tr-2-1448x2048.jpg 1448w, https:\/\/ucgedrs.com\/wp-content\/uploads\/ucgedrs-9001-tr-2-8x12.jpg 8w\" sizes=\"(max-width: 724px) 100vw, 724px\" \/>\t\t\t\t\t\t\t\t\t\t\t\t\t\t\t<\/div>\n\t\t\t\t<\/div>\n\t\t\t\t\t<\/div>\n\t\t<\/div>\n\t\t\t\t\t<\/div>\n\t\t<\/section>\n\t\t\t\t<\/div>","protected":false},"excerpt":{"rendered":"<p>&#8230;<\/p>","protected":false},"author":1,"featured_media":2730,"parent":0,"menu_order":0,"comment_status":"closed","ping_status":"closed","template":"elementor_header_footer","meta":{"footnotes":""},"class_list":["post-2727","page","type-page","status-publish","has-post-thumbnail","hentry"],"_links":{"self":[{"href":"https:\/\/ucgedrs.com\/en\/wp-json\/wp\/v2\/pages\/2727","targetHints":{"allow":["GET"]}}],"collection":[{"href":"https:\/\/ucgedrs.com\/en\/wp-json\/wp\/v2\/pages"}],"about":[{"href":"https:\/\/ucgedrs.com\/en\/wp-json\/wp\/v2\/types\/page"}],"author":[{"embeddable":true,"href":"https:\/\/ucgedrs.com\/en\/wp-json\/wp\/v2\/users\/1"}],"replies":[{"embeddable":true,"href":"https:\/\/ucgedrs.com\/en\/wp-json\/wp\/v2\/comments?post=2727"}],"version-history":[{"count":0,"href":"https:\/\/ucgedrs.com\/en\/wp-json\/wp\/v2\/pages\/2727\/revisions"}],"wp:featuredmedia":[{"embeddable":true,"href":"https:\/\/ucgedrs.com\/en\/wp-json\/"}],"wp:attachment":[{"href":"https:\/\/ucgedrs.com\/en\/wp-json\/wp\/v2\/media?parent=2727"}],"curies":[{"name":"wp","href":"https:\/\/api.w.org\/{rel}","templated":true}]}}