{"id":19065,"date":"2023-10-31T08:15:33","date_gmt":"2023-10-31T08:45:33","guid":{"rendered":"https:\/\/ucgedrs.com\/?page_id=19065"},"modified":"2025-01-28T11:40:15","modified_gmt":"2025-01-28T12:10:15","slug":"dogus-cay-smart-storage-project","status":"publish","type":"page","link":"https:\/\/ucgedrs.com\/en\/basari-hikayelerimiz\/dogus-cay-akilli-depolama-projesi\/","title":{"rendered":"Do\u011fu\u015f \u00c7ay \u2013 Smart Storage Project"},"content":{"rendered":"<div data-elementor-type=\"wp-page\" data-elementor-id=\"19065\" class=\"elementor elementor-19065\" data-elementor-post-type=\"page\">\n\t\t\t\t\t\t<section class=\"elementor-section elementor-top-section elementor-element elementor-element-3a0a279 elementor-section-boxed elementor-section-height-default elementor-section-height-default\" data-id=\"3a0a279\" data-element_type=\"section\" data-e-type=\"section\">\n\t\t\t\t\t\t<div class=\"elementor-container elementor-column-gap-default\">\n\t\t\t\t\t<div class=\"elementor-column elementor-col-100 elementor-top-column elementor-element elementor-element-79a5d6f\" data-id=\"79a5d6f\" data-element_type=\"column\" data-e-type=\"column\">\n\t\t\t<div class=\"elementor-widget-wrap elementor-element-populated\">\n\t\t\t\t\t\t<div class=\"elementor-element elementor-element-e2b0714 elementor-widget elementor-widget-image\" data-id=\"e2b0714\" data-element_type=\"widget\" data-e-type=\"widget\" data-widget_type=\"image.default\">\n\t\t\t\t<div class=\"elementor-widget-container\">\n\t\t\t\t\t\t\t\t\t\t\t\t\t\t\t<img fetchpriority=\"high\" decoding=\"async\" width=\"1920\" height=\"1280\" src=\"https:\/\/ucgedrs.com\/wp-content\/uploads\/Dogus-Cay-asrs.jpg\" class=\"attachment-full size-full wp-image-19691\" alt=\"\" srcset=\"https:\/\/ucgedrs.com\/wp-content\/uploads\/Dogus-Cay-asrs.jpg 1920w, https:\/\/ucgedrs.com\/wp-content\/uploads\/Dogus-Cay-asrs-300x200.jpg 300w, https:\/\/ucgedrs.com\/wp-content\/uploads\/Dogus-Cay-asrs-1024x683.jpg 1024w, https:\/\/ucgedrs.com\/wp-content\/uploads\/Dogus-Cay-asrs-768x512.jpg 768w, https:\/\/ucgedrs.com\/wp-content\/uploads\/Dogus-Cay-asrs-1536x1024.jpg 1536w, https:\/\/ucgedrs.com\/wp-content\/uploads\/Dogus-Cay-asrs-18x12.jpg 18w\" sizes=\"(max-width: 1920px) 100vw, 1920px\" \/>\t\t\t\t\t\t\t\t\t\t\t\t\t\t\t<\/div>\n\t\t\t\t<\/div>\n\t\t\t\t<div class=\"elementor-element elementor-element-6dbe19c elementor-widget elementor-widget-heading\" data-id=\"6dbe19c\" data-element_type=\"widget\" data-e-type=\"widget\" data-widget_type=\"heading.default\">\n\t\t\t\t<div class=\"elementor-widget-container\">\n\t\t\t\t\t<h1 class=\"elementor-heading-title elementor-size-large\">Do\u011fu\u015f \u00c7ay \u2013 Smart Storage Project<\/h1>\t\t\t\t<\/div>\n\t\t\t\t<\/div>\n\t\t\t\t<div class=\"elementor-element elementor-element-1b7453c elementor-widget elementor-widget-text-editor\" data-id=\"1b7453c\" data-element_type=\"widget\" data-e-type=\"widget\" data-widget_type=\"text-editor.default\">\n\t\t\t\t<div class=\"elementor-widget-container\">\n\t\t\t\t\t\t\t\t\tDo\u011fu\u015f \u00c7ay, one of Turkey\u2019s leading tea producers, took a strategic step in 2013 to enter the chips category and gained a strong presence in the chips market with an international acquisition. This move was supported by Turkey\u2019s most modern chips factory established in the Aksaray Organized Industrial Zone. Do\u011fu\u015f \u00c7ay started the production of delicious snacks, aiming to be a pioneer in the chips sector with its quality and innovative approach. One of the key factors in this great success was the trust and preference for the innovative storage solutions offered by \u00dc\u00c7GE DRS. \u00dc\u00c7GE DRS ensures that products are stored regularly and effectively with its specially designed storage shelves for the retail and industrial sectors, and offers its customers excellence in supply chain management. This strategic partnership allows Do\u011fu\u015f \u00c7ay to continue its success in chips production and to offer quality snacks to consumers. \u00dc\u00c7GE DRS\u2019s high-quality steel processing capacity and features such as the curtain wall system have provided Do\u011fu\u015f \u00c7ay with leadership in storage systems.\t\t\t\t\t\t\t\t<\/div>\n\t\t\t\t<\/div>\n\t\t\t\t\t<\/div>\n\t\t<\/div>\n\t\t\t\t\t<\/div>\n\t\t<\/section>\n\t\t\t\t<section class=\"elementor-section elementor-top-section elementor-element elementor-element-02337ad elementor-section-boxed elementor-section-height-default elementor-section-height-default\" data-id=\"02337ad\" data-element_type=\"section\" data-e-type=\"section\">\n\t\t\t\t\t\t<div class=\"elementor-container elementor-column-gap-default\">\n\t\t\t\t\t<div class=\"elementor-column elementor-col-100 elementor-top-column elementor-element elementor-element-dcd5087\" data-id=\"dcd5087\" data-element_type=\"column\" data-e-type=\"column\">\n\t\t\t<div class=\"elementor-widget-wrap elementor-element-populated\">\n\t\t\t\t\t\t<div class=\"elementor-element elementor-element-ec13f1b gallery-spacing-custom elementor-widget elementor-widget-image-gallery\" data-id=\"ec13f1b\" data-element_type=\"widget\" data-e-type=\"widget\" data-widget_type=\"image-gallery.default\">\n\t\t\t\t<div class=\"elementor-widget-container\">\n\t\t\t\t\t\t\t<div class=\"elementor-image-gallery\">\n\t\t\t<div id='gallery-1' class='gallery galleryid-19065 gallery-columns-4 gallery-size-full'><figure class='gallery-item'>\n\t\t\t<div class='gallery-icon landscape'>\n\t\t\t\t<img decoding=\"async\" width=\"1080\" height=\"1080\" src=\"https:\/\/ucgedrs.com\/wp-content\/uploads\/2023\/10\/dogus-cay-1.jpg\" class=\"attachment-full size-full\" alt=\"birth tea-1\" aria-describedby=\"gallery-1-19071\" srcset=\"https:\/\/ucgedrs.com\/wp-content\/uploads\/2023\/10\/dogus-cay-1.jpg 1080w, https:\/\/ucgedrs.com\/wp-content\/uploads\/2023\/10\/dogus-cay-1-300x300.jpg 300w, https:\/\/ucgedrs.com\/wp-content\/uploads\/2023\/10\/dogus-cay-1-1024x1024.jpg 1024w, https:\/\/ucgedrs.com\/wp-content\/uploads\/2023\/10\/dogus-cay-1-150x150.jpg 150w, https:\/\/ucgedrs.com\/wp-content\/uploads\/2023\/10\/dogus-cay-1-768x768.jpg 768w, https:\/\/ucgedrs.com\/wp-content\/uploads\/2023\/10\/dogus-cay-1-12x12.jpg 12w\" sizes=\"(max-width: 1080px) 100vw, 1080px\" \/>\n\t\t\t<\/div>\n\t\t\t\t<figcaption class='wp-caption-text gallery-caption' id='gallery-1-19071'>\n\t\t\t\tbirth tea-1\n\t\t\t\t<\/figcaption><\/figure><figure class='gallery-item'>\n\t\t\t<div class='gallery-icon landscape'>\n\t\t\t\t<img decoding=\"async\" width=\"718\" height=\"718\" src=\"https:\/\/ucgedrs.com\/wp-content\/uploads\/2022\/07\/DOGUS-CAY-2_3-e1698754537858.webp\" class=\"attachment-full size-full\" alt=\"DO\u011eU\u015e TEA 4\" aria-describedby=\"gallery-1-16502\" srcset=\"https:\/\/ucgedrs.com\/wp-content\/uploads\/2022\/07\/DOGUS-CAY-2_3-e1698754537858.webp 718w, https:\/\/ucgedrs.com\/wp-content\/uploads\/2022\/07\/DOGUS-CAY-2_3-e1698754537858-300x300.webp 300w, https:\/\/ucgedrs.com\/wp-content\/uploads\/2022\/07\/DOGUS-CAY-2_3-e1698754537858-150x150.webp 150w, https:\/\/ucgedrs.com\/wp-content\/uploads\/2022\/07\/DOGUS-CAY-2_3-e1698754537858-12x12.webp 12w\" sizes=\"(max-width: 718px) 100vw, 718px\" \/>\n\t\t\t<\/div>\n\t\t\t\t<figcaption class='wp-caption-text gallery-caption' id='gallery-1-16502'>\n\t\t\t\tbirth tea-2\n\t\t\t\t<\/figcaption><\/figure><figure class='gallery-item'>\n\t\t\t<div class='gallery-icon landscape'>\n\t\t\t\t<img loading=\"lazy\" decoding=\"async\" width=\"1080\" height=\"1080\" src=\"https:\/\/ucgedrs.com\/wp-content\/uploads\/2023\/10\/dogus-cay-3.jpg\" class=\"attachment-full size-full\" alt=\"birth tea-3\" aria-describedby=\"gallery-1-19073\" srcset=\"https:\/\/ucgedrs.com\/wp-content\/uploads\/2023\/10\/dogus-cay-3.jpg 1080w, https:\/\/ucgedrs.com\/wp-content\/uploads\/2023\/10\/dogus-cay-3-300x300.jpg 300w, https:\/\/ucgedrs.com\/wp-content\/uploads\/2023\/10\/dogus-cay-3-1024x1024.jpg 1024w, https:\/\/ucgedrs.com\/wp-content\/uploads\/2023\/10\/dogus-cay-3-150x150.jpg 150w, https:\/\/ucgedrs.com\/wp-content\/uploads\/2023\/10\/dogus-cay-3-768x768.jpg 768w, https:\/\/ucgedrs.com\/wp-content\/uploads\/2023\/10\/dogus-cay-3-12x12.jpg 12w\" sizes=\"(max-width: 1080px) 100vw, 1080px\" \/>\n\t\t\t<\/div>\n\t\t\t\t<figcaption class='wp-caption-text gallery-caption' id='gallery-1-19073'>\n\t\t\t\tbirth tea-3\n\t\t\t\t<\/figcaption><\/figure><figure class='gallery-item'>\n\t\t\t<div class='gallery-icon landscape'>\n\t\t\t\t<img loading=\"lazy\" decoding=\"async\" width=\"1080\" height=\"1080\" src=\"https:\/\/ucgedrs.com\/wp-content\/uploads\/dogus-cay-4.jpg\" class=\"attachment-full size-full\" alt=\"\" aria-describedby=\"gallery-1-19695\" srcset=\"https:\/\/ucgedrs.com\/wp-content\/uploads\/dogus-cay-4.jpg 1080w, https:\/\/ucgedrs.com\/wp-content\/uploads\/dogus-cay-4-300x300.jpg 300w, https:\/\/ucgedrs.com\/wp-content\/uploads\/dogus-cay-4-1024x1024.jpg 1024w, https:\/\/ucgedrs.com\/wp-content\/uploads\/dogus-cay-4-150x150.jpg 150w, https:\/\/ucgedrs.com\/wp-content\/uploads\/dogus-cay-4-768x768.jpg 768w, https:\/\/ucgedrs.com\/wp-content\/uploads\/dogus-cay-4-12x12.jpg 12w\" sizes=\"(max-width: 1080px) 100vw, 1080px\" \/>\n\t\t\t<\/div>\n\t\t\t\t<figcaption class='wp-caption-text gallery-caption' id='gallery-1-19695'>\n\t\t\t\tbirth tea-4\n\t\t\t\t<\/figcaption><\/figure>\n\t\t<\/div>\n\t\t<\/div>\n\t\t\t\t\t\t<\/div>\n\t\t\t\t<\/div>\n\t\t\t\t<div class=\"elementor-element elementor-element-d0409f9 elementor-widget elementor-widget-text-editor\" data-id=\"d0409f9\" data-element_type=\"widget\" data-e-type=\"widget\" data-widget_type=\"text-editor.default\">\n\t\t\t\t<div class=\"elementor-widget-container\">\n\t\t\t\t\t\t\t\t\tFully automatic storage systems offer maximum storage in minimum space using height and have error-free operation features at high speeds with continuous stock control. In this way, \u00dc\u00c7GE DRS&#039;s smart storage solutions have contributed to Do\u011fu\u015f \u00c7ay&#039;s more efficient and faster management of its warehouse processes. Errors and time losses caused by manual storage systems have become history with \u00dc\u00c7GE DRS&#039;s smart storage solutions. The warehouse works in integration with the ERP system and all inefficiencies caused by manual storage processes have been eliminated. In this way, Do\u011fu\u015f \u00c7ay has an effective storage infrastructure that supports its growth in the chips category.\n\t\t\t\t\t\t\t\t<\/div>\n\t\t\t\t<\/div>\n\t\t\t\t\t<\/div>\n\t\t<\/div>\n\t\t\t\t\t<\/div>\n\t\t<\/section>\n\t\t\t\t<section class=\"elementor-section elementor-top-section elementor-element elementor-element-a81221d elementor-section-boxed elementor-section-height-default elementor-section-height-default\" data-id=\"a81221d\" data-element_type=\"section\" data-e-type=\"section\">\n\t\t\t\t\t\t<div class=\"elementor-container elementor-column-gap-default\">\n\t\t\t\t\t<div class=\"elementor-column elementor-col-100 elementor-top-column elementor-element elementor-element-6a0b414\" data-id=\"6a0b414\" data-element_type=\"column\" data-e-type=\"column\">\n\t\t\t<div class=\"elementor-widget-wrap elementor-element-populated\">\n\t\t\t\t\t\t<div class=\"elementor-element elementor-element-22a47d8 elementor-widget elementor-widget-video\" data-id=\"22a47d8\" data-element_type=\"widget\" data-e-type=\"widget\" data-settings=\"{&quot;youtube_url&quot;:&quot;https:\\\/\\\/www.youtube.com\\\/watch?v=44xaT0Y1Q3I&quot;,&quot;mute&quot;:&quot;yes&quot;,&quot;lazy_load&quot;:&quot;yes&quot;,&quot;video_type&quot;:&quot;youtube&quot;}\" data-widget_type=\"video.default\">\n\t\t\t\t<div class=\"elementor-widget-container\">\n\t\t\t\t\t\t\t<div class=\"elementor-wrapper elementor-open-inline\">\n\t\t\t<div class=\"elementor-video\"><\/div>\t\t<\/div>\n\t\t\t\t\t\t<\/div>\n\t\t\t\t<\/div>\n\t\t\t\t\t<\/div>\n\t\t<\/div>\n\t\t\t\t\t<\/div>\n\t\t<\/section>\n\t\t\t\t<section class=\"elementor-section elementor-top-section elementor-element elementor-element-b99ace1 elementor-section-boxed elementor-section-height-default elementor-section-height-default\" data-id=\"b99ace1\" data-element_type=\"section\" data-e-type=\"section\">\n\t\t\t\t\t\t<div class=\"elementor-container elementor-column-gap-default\">\n\t\t\t\t\t<div class=\"elementor-column elementor-col-100 elementor-top-column elementor-element elementor-element-5a25268\" data-id=\"5a25268\" data-element_type=\"column\" data-e-type=\"column\">\n\t\t\t<div class=\"elementor-widget-wrap elementor-element-populated\">\n\t\t\t\t\t\t<div class=\"elementor-element elementor-element-a625ee9 elementor-widget elementor-widget-image\" data-id=\"a625ee9\" data-element_type=\"widget\" data-e-type=\"widget\" data-widget_type=\"image.default\">\n\t\t\t\t<div class=\"elementor-widget-container\">\n\t\t\t\t\t\t\t\t\t\t\t\t\t\t\t<img loading=\"lazy\" decoding=\"async\" width=\"1521\" height=\"561\" src=\"https:\/\/ucgedrs.com\/wp-content\/uploads\/dogus-cay-numbers.jpg\" class=\"attachment-full size-full wp-image-19350\" alt=\"Doguscay-numbers\" srcset=\"https:\/\/ucgedrs.com\/wp-content\/uploads\/dogus-cay-numbers.jpg 1521w, https:\/\/ucgedrs.com\/wp-content\/uploads\/dogus-cay-numbers-300x111.jpg 300w, https:\/\/ucgedrs.com\/wp-content\/uploads\/dogus-cay-numbers-1024x378.jpg 1024w, https:\/\/ucgedrs.com\/wp-content\/uploads\/dogus-cay-numbers-768x283.jpg 768w, https:\/\/ucgedrs.com\/wp-content\/uploads\/dogus-cay-numbers-18x7.jpg 18w\" sizes=\"(max-width: 1521px) 100vw, 1521px\" \/>\t\t\t\t\t\t\t\t\t\t\t\t\t\t\t<\/div>\n\t\t\t\t<\/div>\n\t\t\t\t\t<\/div>\n\t\t<\/div>\n\t\t\t\t\t<\/div>\n\t\t<\/section>\n\t\t\t\t<\/div>","protected":false},"excerpt":{"rendered":"<p>&#8230;<\/p>","protected":false},"author":1,"featured_media":19691,"parent":18527,"menu_order":0,"comment_status":"closed","ping_status":"closed","template":"elementor_header_footer","meta":{"footnotes":""},"class_list":["post-19065","page","type-page","status-publish","has-post-thumbnail","hentry"],"_links":{"self":[{"href":"https:\/\/ucgedrs.com\/en\/wp-json\/wp\/v2\/pages\/19065","targetHints":{"allow":["GET"]}}],"collection":[{"href":"https:\/\/ucgedrs.com\/en\/wp-json\/wp\/v2\/pages"}],"about":[{"href":"https:\/\/ucgedrs.com\/en\/wp-json\/wp\/v2\/types\/page"}],"author":[{"embeddable":true,"href":"https:\/\/ucgedrs.com\/en\/wp-json\/wp\/v2\/users\/1"}],"replies":[{"embeddable":true,"href":"https:\/\/ucgedrs.com\/en\/wp-json\/wp\/v2\/comments?post=19065"}],"version-history":[{"count":0,"href":"https:\/\/ucgedrs.com\/en\/wp-json\/wp\/v2\/pages\/19065\/revisions"}],"up":[{"embeddable":true,"href":"https:\/\/ucgedrs.com\/en\/wp-json\/wp\/v2\/pages\/18527"}],"wp:featuredmedia":[{"embeddable":true,"href":"https:\/\/ucgedrs.com\/en\/wp-json\/wp\/v2\/media\/19691"}],"wp:attachment":[{"href":"https:\/\/ucgedrs.com\/en\/wp-json\/wp\/v2\/media?parent=19065"}],"curies":[{"name":"wp","href":"https:\/\/api.w.org\/{rel}","templated":true}]}}