{"id":19056,"date":"2023-10-31T08:15:33","date_gmt":"2023-10-31T08:45:33","guid":{"rendered":"https:\/\/ucgedrs.com\/?page_id=19056"},"modified":"2024-08-27T14:03:18","modified_gmt":"2024-08-27T14:33:18","slug":"abalioglu-yag-smart-storage-project","status":"publish","type":"page","link":"https:\/\/ucgedrs.com\/en\/basari-hikayelerimiz\/abalioglu-yag-akilli-depolama-projesi\/","title":{"rendered":"Abal\u0131o\u011flu Ya\u011f \u2013 Smart Storage Project"},"content":{"rendered":"<div data-elementor-type=\"wp-page\" data-elementor-id=\"19056\" class=\"elementor elementor-19056\" data-elementor-post-type=\"page\">\n\t\t\t\t\t\t<section class=\"elementor-section elementor-top-section elementor-element elementor-element-3a0a279 elementor-section-boxed elementor-section-height-default elementor-section-height-default\" data-id=\"3a0a279\" data-element_type=\"section\" data-e-type=\"section\">\n\t\t\t\t\t\t<div class=\"elementor-container elementor-column-gap-default\">\n\t\t\t\t\t<div class=\"elementor-column elementor-col-100 elementor-top-column elementor-element elementor-element-79a5d6f\" data-id=\"79a5d6f\" data-element_type=\"column\" data-e-type=\"column\">\n\t\t\t<div class=\"elementor-widget-wrap elementor-element-populated\">\n\t\t\t\t\t\t<div class=\"elementor-element elementor-element-e2b0714 elementor-widget elementor-widget-image\" data-id=\"e2b0714\" data-element_type=\"widget\" data-e-type=\"widget\" data-widget_type=\"image.default\">\n\t\t\t\t<div class=\"elementor-widget-container\">\n\t\t\t\t\t\t\t\t\t\t\t\t\t\t\t<img fetchpriority=\"high\" decoding=\"async\" width=\"1880\" height=\"770\" src=\"https:\/\/ucgedrs.com\/wp-content\/uploads\/abalioglu-yag-kapak.jpg\" class=\"attachment-full size-full wp-image-19680\" alt=\"abalioglu oil cover\" srcset=\"https:\/\/ucgedrs.com\/wp-content\/uploads\/abalioglu-yag-kapak.jpg 1880w, https:\/\/ucgedrs.com\/wp-content\/uploads\/abalioglu-yag-kapak-300x123.jpg 300w, https:\/\/ucgedrs.com\/wp-content\/uploads\/abalioglu-yag-kapak-1024x419.jpg 1024w, https:\/\/ucgedrs.com\/wp-content\/uploads\/abalioglu-yag-kapak-768x315.jpg 768w, https:\/\/ucgedrs.com\/wp-content\/uploads\/abalioglu-yag-kapak-1536x629.jpg 1536w, https:\/\/ucgedrs.com\/wp-content\/uploads\/abalioglu-yag-kapak-18x7.jpg 18w\" sizes=\"(max-width: 1880px) 100vw, 1880px\" \/>\t\t\t\t\t\t\t\t\t\t\t\t\t\t\t<\/div>\n\t\t\t\t<\/div>\n\t\t\t\t<div class=\"elementor-element elementor-element-6dbe19c elementor-widget elementor-widget-heading\" data-id=\"6dbe19c\" data-element_type=\"widget\" data-e-type=\"widget\" data-widget_type=\"heading.default\">\n\t\t\t\t<div class=\"elementor-widget-container\">\n\t\t\t\t\t<h1 class=\"elementor-heading-title elementor-size-large\">Abal\u0131o\u011flu Ya\u011f \u2013 Smart Storage Project<\/h1>\t\t\t\t<\/div>\n\t\t\t\t<\/div>\n\t\t\t\t<div class=\"elementor-element elementor-element-1b7453c elementor-widget elementor-widget-text-editor\" data-id=\"1b7453c\" data-element_type=\"widget\" data-e-type=\"widget\" data-widget_type=\"text-editor.default\">\n\t\t\t\t<div class=\"elementor-widget-container\">\n\t\t\t\t\t\t\t\t\tAbal\u0131o\u011flu Ya\u011f is a part of Abal\u0131o\u011flu Group as one of the well-established food companies and stands out in the sector with its annual edible oil production capacity of 180,000 tons. Abal\u0131o\u011flu Ya\u011f, one of the leading edible oil producers in Turkey, has realized a production of 120,000 tons in the first stage and serves its customers with its quality products both in the domestic market and on international platforms. The key element in Abal\u0131o\u011flu Ya\u011f&#039;s success story is the warehouse spread over a total area of 1900 m\u00b2 and 20 meters high, offering the flexibility to reach an oil production capacity of 180,000 tons. In addition, the storage capacity of 6000 pallets of 1000 kg further increases the competitive advantage in the sector.\n\t\t\t\t\t\t\t\t<\/div>\n\t\t\t\t<\/div>\n\t\t\t\t\t<\/div>\n\t\t<\/div>\n\t\t\t\t\t<\/div>\n\t\t<\/section>\n\t\t\t\t<section class=\"elementor-section elementor-top-section elementor-element elementor-element-02337ad elementor-section-boxed elementor-section-height-default elementor-section-height-default\" data-id=\"02337ad\" data-element_type=\"section\" data-e-type=\"section\">\n\t\t\t\t\t\t<div class=\"elementor-container elementor-column-gap-default\">\n\t\t\t\t\t<div class=\"elementor-column elementor-col-100 elementor-top-column elementor-element elementor-element-dcd5087\" data-id=\"dcd5087\" data-element_type=\"column\" data-e-type=\"column\">\n\t\t\t<div class=\"elementor-widget-wrap elementor-element-populated\">\n\t\t\t\t\t\t<div class=\"elementor-element elementor-element-ec13f1b elementor-widget elementor-widget-image-gallery\" data-id=\"ec13f1b\" data-element_type=\"widget\" data-e-type=\"widget\" data-widget_type=\"image-gallery.default\">\n\t\t\t\t<div class=\"elementor-widget-container\">\n\t\t\t\t\t\t\t<div class=\"elementor-image-gallery\">\n\t\t\t<div id='gallery-1' class='gallery galleryid-19056 gallery-columns-4 gallery-size-full'><figure class='gallery-item'>\n\t\t\t<div class='gallery-icon landscape'>\n\t\t\t\t<a data-elementor-open-lightbox=\"yes\" data-elementor-lightbox-slideshow=\"ec13f1b\" data-elementor-lightbox-title=\"abal\u0131o\u011flu ya\u011f 1\" data-e-action-hash=\"#elementor-action%3Aaction%3Dlightbox%26settings%3DeyJpZCI6MTY0ODcsInVybCI6Imh0dHBzOlwvXC91Y2dlZHJzLmNvbVwvd3AtY29udGVudFwvdXBsb2Fkc1wvMjAyMlwvMDdcL2FiYWxpb2dsdS02XzMtZTE2OTg3NDMyODk2OTcud2VicCIsInNsaWRlc2hvdyI6ImVjMTNmMWIifQ%3D%3D\" href='https:\/\/ucgedrs.com\/wp-content\/uploads\/2022\/07\/abalioglu-6_3-e1698743289697.webp'><img decoding=\"async\" width=\"911\" height=\"911\" src=\"https:\/\/ucgedrs.com\/wp-content\/uploads\/2022\/07\/abalioglu-6_3-e1698743289697.webp\" class=\"attachment-full size-full\" alt=\"abalioglu oil 1\" aria-describedby=\"gallery-1-16487\" srcset=\"https:\/\/ucgedrs.com\/wp-content\/uploads\/2022\/07\/abalioglu-6_3-e1698743289697.webp 911w, https:\/\/ucgedrs.com\/wp-content\/uploads\/2022\/07\/abalioglu-6_3-e1698743289697-300x300.webp 300w, https:\/\/ucgedrs.com\/wp-content\/uploads\/2022\/07\/abalioglu-6_3-e1698743289697-150x150.webp 150w, https:\/\/ucgedrs.com\/wp-content\/uploads\/2022\/07\/abalioglu-6_3-e1698743289697-768x768.webp 768w, https:\/\/ucgedrs.com\/wp-content\/uploads\/2022\/07\/abalioglu-6_3-e1698743289697-12x12.webp 12w\" sizes=\"(max-width: 911px) 100vw, 911px\" \/><\/a>\n\t\t\t<\/div>\n\t\t\t\t<figcaption class='wp-caption-text gallery-caption' id='gallery-1-16487'>\n\t\t\t\tabalioglu oil 1\n\t\t\t\t<\/figcaption><\/figure><figure class='gallery-item'>\n\t\t\t<div class='gallery-icon landscape'>\n\t\t\t\t<a data-elementor-open-lightbox=\"yes\" data-elementor-lightbox-slideshow=\"ec13f1b\" data-elementor-lightbox-title=\"abal\u0131o\u011flu ya\u011f 2\" data-e-action-hash=\"#elementor-action%3Aaction%3Dlightbox%26settings%3DeyJpZCI6MTY0OTAsInVybCI6Imh0dHBzOlwvXC91Y2dlZHJzLmNvbVwvd3AtY29udGVudFwvdXBsb2Fkc1wvMjAyMlwvMDdcL2FiYWxpb2dsdS0yXzItZTE2OTg3NDMzNjQ1NTAud2VicCIsInNsaWRlc2hvdyI6ImVjMTNmMWIifQ%3D%3D\" href='https:\/\/ucgedrs.com\/wp-content\/uploads\/2022\/07\/abalioglu-2_2-e1698743364550.webp'><img decoding=\"async\" width=\"853\" height=\"853\" src=\"https:\/\/ucgedrs.com\/wp-content\/uploads\/2022\/07\/abalioglu-2_2-e1698743364550.webp\" class=\"attachment-full size-full\" alt=\"abalioglu oil 2\" aria-describedby=\"gallery-1-16490\" srcset=\"https:\/\/ucgedrs.com\/wp-content\/uploads\/2022\/07\/abalioglu-2_2-e1698743364550.webp 853w, https:\/\/ucgedrs.com\/wp-content\/uploads\/2022\/07\/abalioglu-2_2-e1698743364550-300x300.webp 300w, https:\/\/ucgedrs.com\/wp-content\/uploads\/2022\/07\/abalioglu-2_2-e1698743364550-150x150.webp 150w, https:\/\/ucgedrs.com\/wp-content\/uploads\/2022\/07\/abalioglu-2_2-e1698743364550-768x768.webp 768w, https:\/\/ucgedrs.com\/wp-content\/uploads\/2022\/07\/abalioglu-2_2-e1698743364550-12x12.webp 12w\" sizes=\"(max-width: 853px) 100vw, 853px\" \/><\/a>\n\t\t\t<\/div>\n\t\t\t\t<figcaption class='wp-caption-text gallery-caption' id='gallery-1-16490'>\n\t\t\t\tabalioglu oil 2\n\t\t\t\t<\/figcaption><\/figure><figure class='gallery-item'>\n\t\t\t<div class='gallery-icon landscape'>\n\t\t\t\t<a data-elementor-open-lightbox=\"yes\" data-elementor-lightbox-slideshow=\"ec13f1b\" data-elementor-lightbox-title=\"abal\u0131o\u011flu ya\u011f 3\" data-e-action-hash=\"#elementor-action%3Aaction%3Dlightbox%26settings%3DeyJpZCI6MTY0ODYsInVybCI6Imh0dHBzOlwvXC91Y2dlZHJzLmNvbVwvd3AtY29udGVudFwvdXBsb2Fkc1wvMjAyMlwvMDdcL2FiYWxpb2dsdS01XzQtZTE2OTg3NDM0MDQ5ODAud2VicCIsInNsaWRlc2hvdyI6ImVjMTNmMWIifQ%3D%3D\" href='https:\/\/ucgedrs.com\/wp-content\/uploads\/2022\/07\/abalioglu-5_4-e1698743404980.webp'><img loading=\"lazy\" decoding=\"async\" width=\"853\" height=\"853\" src=\"https:\/\/ucgedrs.com\/wp-content\/uploads\/2022\/07\/abalioglu-5_4-e1698743404980.webp\" class=\"attachment-full size-full\" alt=\"abalioglu oil 3\" aria-describedby=\"gallery-1-16486\" srcset=\"https:\/\/ucgedrs.com\/wp-content\/uploads\/2022\/07\/abalioglu-5_4-e1698743404980.webp 853w, https:\/\/ucgedrs.com\/wp-content\/uploads\/2022\/07\/abalioglu-5_4-e1698743404980-300x300.webp 300w, https:\/\/ucgedrs.com\/wp-content\/uploads\/2022\/07\/abalioglu-5_4-e1698743404980-150x150.webp 150w, https:\/\/ucgedrs.com\/wp-content\/uploads\/2022\/07\/abalioglu-5_4-e1698743404980-768x768.webp 768w, https:\/\/ucgedrs.com\/wp-content\/uploads\/2022\/07\/abalioglu-5_4-e1698743404980-12x12.webp 12w\" sizes=\"(max-width: 853px) 100vw, 853px\" \/><\/a>\n\t\t\t<\/div>\n\t\t\t\t<figcaption class='wp-caption-text gallery-caption' id='gallery-1-16486'>\n\t\t\t\tabalioglu oil 3\n\t\t\t\t<\/figcaption><\/figure><figure class='gallery-item'>\n\t\t\t<div class='gallery-icon portrait'>\n\t\t\t\t<a data-elementor-open-lightbox=\"yes\" data-elementor-lightbox-slideshow=\"ec13f1b\" data-elementor-lightbox-title=\"abal\u0131o\u011flu ya\u011f 4\" data-e-action-hash=\"#elementor-action%3Aaction%3Dlightbox%26settings%3DeyJpZCI6MTk2ODcsInVybCI6Imh0dHBzOlwvXC91Y2dlZHJzLmNvbVwvd3AtY29udGVudFwvdXBsb2Fkc1wvSU1HXzg4NjYuanBnIiwic2xpZGVzaG93IjoiZWMxM2YxYiJ9\" href='https:\/\/ucgedrs.com\/wp-content\/uploads\/IMG_8866.jpg'><img loading=\"lazy\" decoding=\"async\" width=\"1000\" height=\"1013\" src=\"https:\/\/ucgedrs.com\/wp-content\/uploads\/IMG_8866.jpg\" class=\"attachment-full size-full\" alt=\"\" aria-describedby=\"gallery-1-19687\" srcset=\"https:\/\/ucgedrs.com\/wp-content\/uploads\/IMG_8866.jpg 1000w, https:\/\/ucgedrs.com\/wp-content\/uploads\/IMG_8866-296x300.jpg 296w, https:\/\/ucgedrs.com\/wp-content\/uploads\/IMG_8866-768x778.jpg 768w, https:\/\/ucgedrs.com\/wp-content\/uploads\/IMG_8866-12x12.jpg 12w\" sizes=\"(max-width: 1000px) 100vw, 1000px\" \/><\/a>\n\t\t\t<\/div>\n\t\t\t\t<figcaption class='wp-caption-text gallery-caption' id='gallery-1-19687'>\n\t\t\t\tabalioglu oil 4\n\t\t\t\t<\/figcaption><\/figure>\n\t\t<\/div>\n\t\t<\/div>\n\t\t\t\t\t\t<\/div>\n\t\t\t\t<\/div>\n\t\t\t\t<div class=\"elementor-element elementor-element-d0409f9 elementor-widget elementor-widget-text-editor\" data-id=\"d0409f9\" data-element_type=\"widget\" data-e-type=\"widget\" data-widget_type=\"text-editor.default\">\n\t\t\t\t<div class=\"elementor-widget-container\">\n\t\t\t\t\t\t\t\t\tThe 40-meter roller and chain conveyor system located in the warehouse provides a fast and effective logistics process by providing 3000 pallet movements per day. 75 pallet entries and 75 pallet exits per hour maximize operational efficiency. Abal\u0131o\u011flu Ya\u011f&#039;s expertise in the food industry and \u00dc\u00c7GE DRS&#039;s leadership in warehouse solutions make significant contributions to Turkey&#039;s economic and industrial success. This success story is a reflection of the quality, innovation and customer satisfaction-focused work of both companies. Abal\u0131o\u011flu Ya\u011f and \u00dc\u00c7GE DRS continue their leading positions in the sector and contribute to Turkey&#039;s power in the national and international arena.\n\t\t\t\t\t\t\t\t<\/div>\n\t\t\t\t<\/div>\n\t\t\t\t\t<\/div>\n\t\t<\/div>\n\t\t\t\t\t<\/div>\n\t\t<\/section>\n\t\t\t\t<section class=\"elementor-section elementor-top-section elementor-element elementor-element-a81221d elementor-section-boxed elementor-section-height-default elementor-section-height-default\" data-id=\"a81221d\" data-element_type=\"section\" data-e-type=\"section\">\n\t\t\t\t\t\t<div class=\"elementor-container elementor-column-gap-default\">\n\t\t\t\t\t<div class=\"elementor-column elementor-col-100 elementor-top-column elementor-element elementor-element-6a0b414\" data-id=\"6a0b414\" data-element_type=\"column\" data-e-type=\"column\">\n\t\t\t<div class=\"elementor-widget-wrap elementor-element-populated\">\n\t\t\t\t\t\t<div class=\"elementor-element elementor-element-22a47d8 elementor-widget elementor-widget-video\" data-id=\"22a47d8\" data-element_type=\"widget\" data-e-type=\"widget\" data-settings=\"{&quot;youtube_url&quot;:&quot;https:\\\/\\\/www.youtube.com\\\/watch?v=6hPGQsQ6fhk&quot;,&quot;mute&quot;:&quot;yes&quot;,&quot;lazy_load&quot;:&quot;yes&quot;,&quot;video_type&quot;:&quot;youtube&quot;}\" data-widget_type=\"video.default\">\n\t\t\t\t<div class=\"elementor-widget-container\">\n\t\t\t\t\t\t\t<div class=\"elementor-wrapper elementor-open-inline\">\n\t\t\t<div class=\"elementor-video\"><\/div>\t\t<\/div>\n\t\t\t\t\t\t<\/div>\n\t\t\t\t<\/div>\n\t\t\t\t\t<\/div>\n\t\t<\/div>\n\t\t\t\t\t<\/div>\n\t\t<\/section>\n\t\t\t\t<section class=\"elementor-section elementor-top-section elementor-element elementor-element-b99ace1 elementor-section-boxed elementor-section-height-default elementor-section-height-default\" data-id=\"b99ace1\" data-element_type=\"section\" data-e-type=\"section\">\n\t\t\t\t\t\t<div class=\"elementor-container elementor-column-gap-default\">\n\t\t\t\t\t<div class=\"elementor-column elementor-col-100 elementor-top-column elementor-element elementor-element-5a25268\" data-id=\"5a25268\" data-element_type=\"column\" data-e-type=\"column\">\n\t\t\t<div class=\"elementor-widget-wrap elementor-element-populated\">\n\t\t\t\t\t\t<div class=\"elementor-element elementor-element-a625ee9 elementor-widget elementor-widget-image\" data-id=\"a625ee9\" data-element_type=\"widget\" data-e-type=\"widget\" data-widget_type=\"image.default\">\n\t\t\t\t<div class=\"elementor-widget-container\">\n\t\t\t\t\t\t\t\t\t\t\t\t\t\t\t<img loading=\"lazy\" decoding=\"async\" width=\"1521\" height=\"561\" src=\"https:\/\/ucgedrs.com\/wp-content\/uploads\/abalioglu-rakamlar-en.jpg\" class=\"attachment-full size-full wp-image-19345\" alt=\"abal\u0131o\u011flu-numbers\" srcset=\"https:\/\/ucgedrs.com\/wp-content\/uploads\/abalioglu-rakamlar-en.jpg 1521w, https:\/\/ucgedrs.com\/wp-content\/uploads\/abalioglu-rakamlar-en-300x111.jpg 300w, https:\/\/ucgedrs.com\/wp-content\/uploads\/abalioglu-rakamlar-en-1024x378.jpg 1024w, https:\/\/ucgedrs.com\/wp-content\/uploads\/abalioglu-rakamlar-en-768x283.jpg 768w, https:\/\/ucgedrs.com\/wp-content\/uploads\/abalioglu-rakamlar-en-18x7.jpg 18w\" sizes=\"(max-width: 1521px) 100vw, 1521px\" \/>\t\t\t\t\t\t\t\t\t\t\t\t\t\t\t<\/div>\n\t\t\t\t<\/div>\n\t\t\t\t\t<\/div>\n\t\t<\/div>\n\t\t\t\t\t<\/div>\n\t\t<\/section>\n\t\t\t\t<\/div>","protected":false},"excerpt":{"rendered":"<p>&#8230;<\/p>","protected":false},"author":1,"featured_media":19680,"parent":18527,"menu_order":0,"comment_status":"closed","ping_status":"closed","template":"elementor_header_footer","meta":{"footnotes":""},"class_list":["post-19056","page","type-page","status-publish","has-post-thumbnail","hentry"],"_links":{"self":[{"href":"https:\/\/ucgedrs.com\/en\/wp-json\/wp\/v2\/pages\/19056","targetHints":{"allow":["GET"]}}],"collection":[{"href":"https:\/\/ucgedrs.com\/en\/wp-json\/wp\/v2\/pages"}],"about":[{"href":"https:\/\/ucgedrs.com\/en\/wp-json\/wp\/v2\/types\/page"}],"author":[{"embeddable":true,"href":"https:\/\/ucgedrs.com\/en\/wp-json\/wp\/v2\/users\/1"}],"replies":[{"embeddable":true,"href":"https:\/\/ucgedrs.com\/en\/wp-json\/wp\/v2\/comments?post=19056"}],"version-history":[{"count":0,"href":"https:\/\/ucgedrs.com\/en\/wp-json\/wp\/v2\/pages\/19056\/revisions"}],"up":[{"embeddable":true,"href":"https:\/\/ucgedrs.com\/en\/wp-json\/wp\/v2\/pages\/18527"}],"wp:featuredmedia":[{"embeddable":true,"href":"https:\/\/ucgedrs.com\/en\/wp-json\/wp\/v2\/media\/19680"}],"wp:attachment":[{"href":"https:\/\/ucgedrs.com\/en\/wp-json\/wp\/v2\/media?parent=19056"}],"curies":[{"name":"wp","href":"https:\/\/api.w.org\/{rel}","templated":true}]}}