{"id":19042,"date":"2023-10-31T08:15:33","date_gmt":"2023-10-31T08:45:33","guid":{"rendered":"https:\/\/ucgedrs.com\/?page_id=19042"},"modified":"2024-10-02T14:22:44","modified_gmt":"2024-10-02T14:52:44","slug":"goymen-food-curtain-wall-as-rs","status":"publish","type":"page","link":"https:\/\/ucgedrs.com\/en\/basari-hikayelerimiz\/goymen-food-giydirme-cephe-as-rs\/","title":{"rendered":"G\u00f6ymen Food \u2013 Curtain Wall AS\/RS"},"content":{"rendered":"<div data-elementor-type=\"wp-page\" data-elementor-id=\"19042\" class=\"elementor elementor-19042\" data-elementor-post-type=\"page\">\n\t\t\t\t\t\t<section class=\"elementor-section elementor-top-section elementor-element elementor-element-3a0a279 elementor-section-boxed elementor-section-height-default elementor-section-height-default\" data-id=\"3a0a279\" data-element_type=\"section\" data-e-type=\"section\">\n\t\t\t\t\t\t<div class=\"elementor-container elementor-column-gap-default\">\n\t\t\t\t\t<div class=\"elementor-column elementor-col-100 elementor-top-column elementor-element elementor-element-79a5d6f\" data-id=\"79a5d6f\" data-element_type=\"column\" data-e-type=\"column\">\n\t\t\t<div class=\"elementor-widget-wrap elementor-element-populated\">\n\t\t\t\t\t\t<div class=\"elementor-element elementor-element-e2b0714 elementor-widget elementor-widget-image\" data-id=\"e2b0714\" data-element_type=\"widget\" data-e-type=\"widget\" data-widget_type=\"image.default\">\n\t\t\t\t<div class=\"elementor-widget-container\">\n\t\t\t\t\t\t\t\t\t\t\t\t\t\t\t<img fetchpriority=\"high\" decoding=\"async\" width=\"1881\" height=\"771\" src=\"https:\/\/ucgedrs.com\/wp-content\/uploads\/2023\/10\/goymen-proje-kapagi-2.jpg\" class=\"attachment-full size-full wp-image-19046\" alt=\"goymen project cover (2)\" srcset=\"https:\/\/ucgedrs.com\/wp-content\/uploads\/2023\/10\/goymen-proje-kapagi-2.jpg 1881w, https:\/\/ucgedrs.com\/wp-content\/uploads\/2023\/10\/goymen-proje-kapagi-2-300x123.jpg 300w, https:\/\/ucgedrs.com\/wp-content\/uploads\/2023\/10\/goymen-proje-kapagi-2-1024x420.jpg 1024w, https:\/\/ucgedrs.com\/wp-content\/uploads\/2023\/10\/goymen-proje-kapagi-2-768x315.jpg 768w, https:\/\/ucgedrs.com\/wp-content\/uploads\/2023\/10\/goymen-proje-kapagi-2-1536x630.jpg 1536w, https:\/\/ucgedrs.com\/wp-content\/uploads\/2023\/10\/goymen-proje-kapagi-2-18x7.jpg 18w\" sizes=\"(max-width: 1881px) 100vw, 1881px\" \/>\t\t\t\t\t\t\t\t\t\t\t\t\t\t\t<\/div>\n\t\t\t\t<\/div>\n\t\t\t\t<div class=\"elementor-element elementor-element-6dbe19c elementor-widget elementor-widget-heading\" data-id=\"6dbe19c\" data-element_type=\"widget\" data-e-type=\"widget\" data-widget_type=\"heading.default\">\n\t\t\t\t<div class=\"elementor-widget-container\">\n\t\t\t\t\t<h1 class=\"elementor-heading-title elementor-size-large\">G\u00f6ymen Food \u2013 Curtain Wall AS\/RS<\/h1>\t\t\t\t<\/div>\n\t\t\t\t<\/div>\n\t\t\t\t<div class=\"elementor-element elementor-element-3d886ec elementor-widget elementor-widget-text-editor\" data-id=\"3d886ec\" data-element_type=\"widget\" data-e-type=\"widget\" data-widget_type=\"text-editor.default\">\n\t\t\t\t<div class=\"elementor-widget-container\">\n\t\t\t\t\t\t\t\t\t<p>\u00dc\u00c7GE DRS SIGNATURE ON THE AUTOMATED WAREHOUSE SYSTEM OF THE FOOD INDUSTRY GIANT<\/p>\t\t\t\t\t\t\t\t<\/div>\n\t\t\t\t<\/div>\n\t\t\t\t<div class=\"elementor-element elementor-element-1b7453c elementor-widget elementor-widget-text-editor\" data-id=\"1b7453c\" data-element_type=\"widget\" data-e-type=\"widget\" data-widget_type=\"text-editor.default\">\n\t\t\t\t<div class=\"elementor-widget-container\">\n\t\t\t\t\t\t\t\t\t<p>D\u00fcnya genelinde ender bulunan konstr\u00fcksiyon tipi ile tasarlan\u0131p \u00fcretilen Tam Otomatik AS\/RS sistemi, g\u0131da sekt\u00f6r\u00fcn\u00fcn devi G\u00f6ymen Food&#8217;un da tercihi oldu. Yar\u0131m asra yak\u0131n k\u00f6kl\u00fc ge\u00e7mi\u015fi ve s\u00fcrekli teknolojiye ayak uyduran yap\u0131s\u0131yla bilinen G\u00f6ymen Food, depo ve sevkiyat s\u00fcre\u00e7lerini otonom faaliyetlerle g\u00fc\u00e7lendirmek amac\u0131yla \u00dc\u00c7GE DRS&#8217;nin s\u00fcrd\u00fcr\u00fclebilir yeni nesil teknolojiye sahip Tam Otomatik Giydirme Cephe Palet AS\/RS Sistemi&#8217;ni tercih etti. Depolama kapasitesini 10.000 palet olarak belirleyen ve projeyi hayata ge\u00e7irme karar\u0131 alan G\u00f6ymen Food, \u00dc\u00c7GE DRS&#8217;nin robotik end\u00fcstriyel depolama teknolojileri birikimi ve patentli Otomatik AS\/RS sistemi PA\u015eA&#8217;y\u0131 tercih etti.<\/p>\t\t\t\t\t\t\t\t<\/div>\n\t\t\t\t<\/div>\n\t\t\t\t\t<\/div>\n\t\t<\/div>\n\t\t\t\t\t<\/div>\n\t\t<\/section>\n\t\t\t\t<section class=\"elementor-section elementor-top-section elementor-element elementor-element-02337ad elementor-section-boxed elementor-section-height-default elementor-section-height-default\" data-id=\"02337ad\" data-element_type=\"section\" data-e-type=\"section\">\n\t\t\t\t\t\t<div class=\"elementor-container elementor-column-gap-default\">\n\t\t\t\t\t<div class=\"elementor-column elementor-col-100 elementor-top-column elementor-element elementor-element-dcd5087\" data-id=\"dcd5087\" data-element_type=\"column\" data-e-type=\"column\">\n\t\t\t<div class=\"elementor-widget-wrap elementor-element-populated\">\n\t\t\t\t\t\t<div class=\"elementor-element elementor-element-ec13f1b elementor-widget elementor-widget-image-gallery\" data-id=\"ec13f1b\" data-element_type=\"widget\" data-e-type=\"widget\" data-widget_type=\"image-gallery.default\">\n\t\t\t\t<div class=\"elementor-widget-container\">\n\t\t\t\t\t\t\t<div class=\"elementor-image-gallery\">\n\t\t\t<div id='gallery-1' class='gallery galleryid-19042 gallery-columns-4 gallery-size-full'><figure class='gallery-item'>\n\t\t\t<div class='gallery-icon landscape'>\n\t\t\t\t<a data-elementor-open-lightbox=\"yes\" data-elementor-lightbox-slideshow=\"ec13f1b\" data-elementor-lightbox-title=\"g\u00f6ymen2_3\" data-e-action-hash=\"#elementor-action%3Aaction%3Dlightbox%26settings%3DeyJpZCI6MTY0NjYsInVybCI6Imh0dHBzOlwvXC91Y2dlZHJzLmNvbVwvd3AtY29udGVudFwvdXBsb2Fkc1wvMjAyMlwvMDdcL2dveW1lbjJfMy1lMTY5ODczOTU0OTcxMy53ZWJwIiwic2xpZGVzaG93IjoiZWMxM2YxYiJ9\" href='https:\/\/ucgedrs.com\/wp-content\/uploads\/2022\/07\/goymen2_3-e1698739549713.webp'><img decoding=\"async\" width=\"1023\" height=\"1023\" src=\"https:\/\/ucgedrs.com\/wp-content\/uploads\/2022\/07\/goymen2_3-e1698739549713.webp\" class=\"attachment-full size-full\" alt=\"goymen2_3\" srcset=\"https:\/\/ucgedrs.com\/wp-content\/uploads\/2022\/07\/goymen2_3-e1698739549713.webp 1023w, https:\/\/ucgedrs.com\/wp-content\/uploads\/2022\/07\/goymen2_3-e1698739549713-300x300.webp 300w, https:\/\/ucgedrs.com\/wp-content\/uploads\/2022\/07\/goymen2_3-e1698739549713-150x150.webp 150w, https:\/\/ucgedrs.com\/wp-content\/uploads\/2022\/07\/goymen2_3-e1698739549713-768x768.webp 768w, https:\/\/ucgedrs.com\/wp-content\/uploads\/2022\/07\/goymen2_3-e1698739549713-12x12.webp 12w\" sizes=\"(max-width: 1023px) 100vw, 1023px\" \/><\/a>\n\t\t\t<\/div><\/figure><figure class='gallery-item'>\n\t\t\t<div class='gallery-icon landscape'>\n\t\t\t\t<a data-elementor-open-lightbox=\"yes\" data-elementor-lightbox-slideshow=\"ec13f1b\" data-elementor-lightbox-title=\"g\u00f6ymen 3_1\" data-e-action-hash=\"#elementor-action%3Aaction%3Dlightbox%26settings%3DeyJpZCI6MTY0NjgsInVybCI6Imh0dHBzOlwvXC91Y2dlZHJzLmNvbVwvd3AtY29udGVudFwvdXBsb2Fkc1wvMjAyMlwvMDdcL2dveW1lbi0zXzEtZTE2OTg3Mzk1ODg1MDAud2VicCIsInNsaWRlc2hvdyI6ImVjMTNmMWIifQ%3D%3D\" href='https:\/\/ucgedrs.com\/wp-content\/uploads\/2022\/07\/goymen-3_1-e1698739588500.webp'><img decoding=\"async\" width=\"898\" height=\"898\" src=\"https:\/\/ucgedrs.com\/wp-content\/uploads\/2022\/07\/goymen-3_1-e1698739588500.webp\" class=\"attachment-full size-full\" alt=\"goymen 3_1\" srcset=\"https:\/\/ucgedrs.com\/wp-content\/uploads\/2022\/07\/goymen-3_1-e1698739588500.webp 898w, https:\/\/ucgedrs.com\/wp-content\/uploads\/2022\/07\/goymen-3_1-e1698739588500-300x300.webp 300w, https:\/\/ucgedrs.com\/wp-content\/uploads\/2022\/07\/goymen-3_1-e1698739588500-150x150.webp 150w, https:\/\/ucgedrs.com\/wp-content\/uploads\/2022\/07\/goymen-3_1-e1698739588500-768x768.webp 768w, https:\/\/ucgedrs.com\/wp-content\/uploads\/2022\/07\/goymen-3_1-e1698739588500-12x12.webp 12w\" sizes=\"(max-width: 898px) 100vw, 898px\" \/><\/a>\n\t\t\t<\/div><\/figure><figure class='gallery-item'>\n\t\t\t<div class='gallery-icon landscape'>\n\t\t\t\t<a data-elementor-open-lightbox=\"yes\" data-elementor-lightbox-slideshow=\"ec13f1b\" data-elementor-lightbox-title=\"g\u00f6ymen projesi asrs\" data-e-action-hash=\"#elementor-action%3Aaction%3Dlightbox%26settings%3DeyJpZCI6MTg4OTYsInVybCI6Imh0dHBzOlwvXC91Y2dlZHJzLmNvbVwvd3AtY29udGVudFwvdXBsb2Fkc1wvMjAyM1wvMTBcL2dveW1lbi1wcm9qZXNpLWFzcnMtZTE2OTg3Mzk2OTkxMTEuanBnIiwic2xpZGVzaG93IjoiZWMxM2YxYiJ9\" href='https:\/\/ucgedrs.com\/wp-content\/uploads\/2023\/10\/goymen-projesi-asrs-e1698739699111.jpg'><img loading=\"lazy\" decoding=\"async\" width=\"790\" height=\"790\" src=\"https:\/\/ucgedrs.com\/wp-content\/uploads\/2023\/10\/goymen-projesi-asrs-e1698739699111.jpg\" class=\"attachment-full size-full\" alt=\"G\u00f6ymen project asrs\" srcset=\"https:\/\/ucgedrs.com\/wp-content\/uploads\/2023\/10\/goymen-projesi-asrs-e1698739699111.jpg 790w, https:\/\/ucgedrs.com\/wp-content\/uploads\/2023\/10\/goymen-projesi-asrs-e1698739699111-300x300.jpg 300w, https:\/\/ucgedrs.com\/wp-content\/uploads\/2023\/10\/goymen-projesi-asrs-e1698739699111-150x150.jpg 150w, https:\/\/ucgedrs.com\/wp-content\/uploads\/2023\/10\/goymen-projesi-asrs-e1698739699111-768x768.jpg 768w, https:\/\/ucgedrs.com\/wp-content\/uploads\/2023\/10\/goymen-projesi-asrs-e1698739699111-12x12.jpg 12w\" sizes=\"(max-width: 790px) 100vw, 790px\" \/><\/a>\n\t\t\t<\/div><\/figure><figure class='gallery-item'>\n\t\t\t<div class='gallery-icon landscape'>\n\t\t\t\t<a data-elementor-open-lightbox=\"yes\" data-elementor-lightbox-slideshow=\"ec13f1b\" data-elementor-lightbox-title=\"g\u00f6ymen_2\" data-e-action-hash=\"#elementor-action%3Aaction%3Dlightbox%26settings%3DeyJpZCI6MTY0NjUsInVybCI6Imh0dHBzOlwvXC91Y2dlZHJzLmNvbVwvd3AtY29udGVudFwvdXBsb2Fkc1wvMjAyMlwvMDdcL2dveW1lbl8yLWUxNjk4NzM5NzM1NDg4LndlYnAiLCJzbGlkZXNob3ciOiJlYzEzZjFiIn0%3D\" href='https:\/\/ucgedrs.com\/wp-content\/uploads\/2022\/07\/goymen_2-e1698739735488.webp'><img loading=\"lazy\" decoding=\"async\" width=\"978\" height=\"978\" src=\"https:\/\/ucgedrs.com\/wp-content\/uploads\/2022\/07\/goymen_2-e1698739735488.webp\" class=\"attachment-full size-full\" alt=\"goymen_2\" srcset=\"https:\/\/ucgedrs.com\/wp-content\/uploads\/2022\/07\/goymen_2-e1698739735488.webp 978w, https:\/\/ucgedrs.com\/wp-content\/uploads\/2022\/07\/goymen_2-e1698739735488-300x300.webp 300w, https:\/\/ucgedrs.com\/wp-content\/uploads\/2022\/07\/goymen_2-e1698739735488-150x150.webp 150w, https:\/\/ucgedrs.com\/wp-content\/uploads\/2022\/07\/goymen_2-e1698739735488-768x768.webp 768w, https:\/\/ucgedrs.com\/wp-content\/uploads\/2022\/07\/goymen_2-e1698739735488-12x12.webp 12w\" sizes=\"(max-width: 978px) 100vw, 978px\" \/><\/a>\n\t\t\t<\/div><\/figure>\n\t\t<\/div>\n\t\t<\/div>\n\t\t\t\t\t\t<\/div>\n\t\t\t\t<\/div>\n\t\t\t\t<div class=\"elementor-element elementor-element-d0409f9 elementor-widget elementor-widget-text-editor\" data-id=\"d0409f9\" data-element_type=\"widget\" data-e-type=\"widget\" data-widget_type=\"text-editor.default\">\n\t\t\t\t<div class=\"elementor-widget-container\">\n\t\t\t\t\t\t\t\t\t<p>G\u00f6ymen Food&#8217;un bu dev depo projesi, sekt\u00f6re getirdi\u011fi y\u00fcksek kapasite ve esneklikle \u00f6ne \u00e7\u0131k\u0131yor. 10.000 palet kapasitesine sahip olan bu depo, 125\u00d715m taban \u00f6l\u00e7\u00fcleri ve 25m y\u00fckseklikle, \u00e7ift y\u00f6nl\u00fc \u00e7evrim palet h\u0131z\u0131: 50 p\/s, dinamik buffer 210 palet kapasitesi ile hem depolama hem de \u00fcretim s\u00fcre\u00e7lerinde etkin bir \u00e7\u00f6z\u00fcm sunuyor. \u00dc\u00c7GE DRS&#8217;nin depo \u00e7\u00f6z\u00fcmlerindeki liderli\u011fi, bu projenin operasyonel verimlili\u011fi art\u0131rmas\u0131nda ve rekabet avantaj\u0131 sa\u011flamas\u0131nda belirleyici bir rol oynuyor. Depo i\u00e7indeki otomatik giydirme cephe palet AS\/RS sistemi, palet hareketlerini h\u0131zl\u0131 ve etkili bir \u015fekilde y\u00f6neterek g\u00fcnl\u00fck operasyonel verimlili\u011fi art\u0131r\u0131yor. Ayr\u0131ca, 1000 kg&#8217;l\u0131k 6000 palet depolama kapasitesi, sekt\u00f6rdeki rekabet avantaj\u0131n\u0131 daha da g\u00fc\u00e7lendiriyor.<br \/>Bu ba\u015far\u0131 hikayesi, inovasyon, kalite ve m\u00fc\u015fteri memnuniyetine odakl\u0131 yakla\u015f\u0131m\u0131yla T\u00fcrkiye&#8217;nin ekonomik ve end\u00fcstriyel ba\u015far\u0131s\u0131na \u00f6nemli bir katk\u0131 sa\u011fl\u0131yor. G\u00f6ymen Food ve \u00dc\u00c7GE DRS, sekt\u00f6rdeki \u00f6nc\u00fc konumlar\u0131n\u0131 s\u00fcrd\u00fcrerek T\u00fcrkiye&#8217;nin ulusal ve uluslararas\u0131 arenadaki g\u00fcc\u00fcne katk\u0131 sa\u011flamaya devam ediyor.<\/p>\t\t\t\t\t\t\t\t<\/div>\n\t\t\t\t<\/div>\n\t\t\t\t\t<\/div>\n\t\t<\/div>\n\t\t\t\t\t<\/div>\n\t\t<\/section>\n\t\t\t\t<section class=\"elementor-section elementor-top-section elementor-element elementor-element-a81221d elementor-section-boxed elementor-section-height-default elementor-section-height-default\" data-id=\"a81221d\" data-element_type=\"section\" data-e-type=\"section\">\n\t\t\t\t\t\t<div class=\"elementor-container elementor-column-gap-default\">\n\t\t\t\t\t<div class=\"elementor-column elementor-col-100 elementor-top-column elementor-element elementor-element-6a0b414\" data-id=\"6a0b414\" data-element_type=\"column\" data-e-type=\"column\">\n\t\t\t<div class=\"elementor-widget-wrap elementor-element-populated\">\n\t\t\t\t\t\t<div class=\"elementor-element elementor-element-22a47d8 elementor-widget elementor-widget-video\" data-id=\"22a47d8\" data-element_type=\"widget\" data-e-type=\"widget\" data-settings=\"{&quot;youtube_url&quot;:&quot;https:\\\/\\\/www.youtube.com\\\/watch?v=TlotPFDOz1w&quot;,&quot;mute&quot;:&quot;yes&quot;,&quot;lazy_load&quot;:&quot;yes&quot;,&quot;video_type&quot;:&quot;youtube&quot;}\" data-widget_type=\"video.default\">\n\t\t\t\t<div class=\"elementor-widget-container\">\n\t\t\t\t\t\t\t<div class=\"elementor-wrapper elementor-open-inline\">\n\t\t\t<div class=\"elementor-video\"><\/div>\t\t<\/div>\n\t\t\t\t\t\t<\/div>\n\t\t\t\t<\/div>\n\t\t\t\t\t<\/div>\n\t\t<\/div>\n\t\t\t\t\t<\/div>\n\t\t<\/section>\n\t\t\t\t<section class=\"elementor-section elementor-top-section elementor-element elementor-element-b99ace1 elementor-section-boxed elementor-section-height-default elementor-section-height-default\" data-id=\"b99ace1\" data-element_type=\"section\" data-e-type=\"section\">\n\t\t\t\t\t\t<div class=\"elementor-container elementor-column-gap-default\">\n\t\t\t\t\t<div class=\"elementor-column elementor-col-100 elementor-top-column elementor-element elementor-element-5a25268\" data-id=\"5a25268\" data-element_type=\"column\" data-e-type=\"column\">\n\t\t\t<div class=\"elementor-widget-wrap elementor-element-populated\">\n\t\t\t\t\t\t<div class=\"elementor-element elementor-element-a625ee9 elementor-widget elementor-widget-image\" data-id=\"a625ee9\" data-element_type=\"widget\" data-e-type=\"widget\" data-widget_type=\"image.default\">\n\t\t\t\t<div class=\"elementor-widget-container\">\n\t\t\t\t\t\t\t\t\t\t\t\t\t\t\t<img loading=\"lazy\" decoding=\"async\" width=\"1521\" height=\"561\" src=\"https:\/\/ucgedrs.com\/wp-content\/uploads\/goymen-rakamlar-en.jpg\" class=\"attachment-full size-full wp-image-19660\" alt=\"goymen figures-tr\" srcset=\"https:\/\/ucgedrs.com\/wp-content\/uploads\/goymen-rakamlar-en.jpg 1521w, https:\/\/ucgedrs.com\/wp-content\/uploads\/goymen-rakamlar-en-300x111.jpg 300w, https:\/\/ucgedrs.com\/wp-content\/uploads\/goymen-rakamlar-en-1024x378.jpg 1024w, https:\/\/ucgedrs.com\/wp-content\/uploads\/goymen-rakamlar-en-768x283.jpg 768w, https:\/\/ucgedrs.com\/wp-content\/uploads\/goymen-rakamlar-en-18x7.jpg 18w\" sizes=\"(max-width: 1521px) 100vw, 1521px\" \/>\t\t\t\t\t\t\t\t\t\t\t\t\t\t\t<\/div>\n\t\t\t\t<\/div>\n\t\t\t\t\t<\/div>\n\t\t<\/div>\n\t\t\t\t\t<\/div>\n\t\t<\/section>\n\t\t\t\t<\/div>","protected":false},"excerpt":{"rendered":"<p>&#8230;<\/p>","protected":false},"author":1,"featured_media":19046,"parent":18527,"menu_order":0,"comment_status":"closed","ping_status":"closed","template":"elementor_header_footer","meta":{"footnotes":""},"class_list":["post-19042","page","type-page","status-publish","has-post-thumbnail","hentry"],"_links":{"self":[{"href":"https:\/\/ucgedrs.com\/en\/wp-json\/wp\/v2\/pages\/19042","targetHints":{"allow":["GET"]}}],"collection":[{"href":"https:\/\/ucgedrs.com\/en\/wp-json\/wp\/v2\/pages"}],"about":[{"href":"https:\/\/ucgedrs.com\/en\/wp-json\/wp\/v2\/types\/page"}],"author":[{"embeddable":true,"href":"https:\/\/ucgedrs.com\/en\/wp-json\/wp\/v2\/users\/1"}],"replies":[{"embeddable":true,"href":"https:\/\/ucgedrs.com\/en\/wp-json\/wp\/v2\/comments?post=19042"}],"version-history":[{"count":0,"href":"https:\/\/ucgedrs.com\/en\/wp-json\/wp\/v2\/pages\/19042\/revisions"}],"up":[{"embeddable":true,"href":"https:\/\/ucgedrs.com\/en\/wp-json\/wp\/v2\/pages\/18527"}],"wp:featuredmedia":[{"embeddable":true,"href":"https:\/\/ucgedrs.com\/en\/wp-json\/wp\/v2\/media\/19046"}],"wp:attachment":[{"href":"https:\/\/ucgedrs.com\/en\/wp-json\/wp\/v2\/media?parent=19042"}],"curies":[{"name":"wp","href":"https:\/\/api.w.org\/{rel}","templated":true}]}}