{"id":18527,"date":"2023-09-26T12:48:44","date_gmt":"2023-09-26T13:18:44","guid":{"rendered":"https:\/\/ucgedrs.com\/?page_id=18527"},"modified":"2024-11-04T06:57:23","modified_gmt":"2024-11-04T07:27:23","slug":"our-case-studies","status":"publish","type":"page","link":"https:\/\/ucgedrs.com\/en\/basari-hikayelerimiz\/","title":{"rendered":"Our Case Studies"},"content":{"rendered":"<div data-elementor-type=\"wp-page\" data-elementor-id=\"18527\" class=\"elementor elementor-18527\" data-elementor-post-type=\"page\">\n\t\t\t\t\t\t<section class=\"elementor-section elementor-top-section elementor-element elementor-element-53a4851 elementor-section-boxed elementor-section-height-default elementor-section-height-default\" data-id=\"53a4851\" data-element_type=\"section\" data-e-type=\"section\">\n\t\t\t\t\t\t<div class=\"elementor-container elementor-column-gap-default\">\n\t\t\t\t\t<div class=\"elementor-column elementor-col-100 elementor-top-column elementor-element elementor-element-086a5ca\" data-id=\"086a5ca\" data-element_type=\"column\" data-e-type=\"column\">\n\t\t\t<div class=\"elementor-widget-wrap elementor-element-populated\">\n\t\t\t\t\t\t<div class=\"elementor-element elementor-element-164cd3c elementor-widget elementor-widget-heading\" data-id=\"164cd3c\" data-element_type=\"widget\" data-e-type=\"widget\" data-widget_type=\"heading.default\">\n\t\t\t\t<div class=\"elementor-widget-container\">\n\t\t\t\t\t<h1 class=\"elementor-heading-title elementor-size-default\">Our Case Studies<\/h1>\t\t\t\t<\/div>\n\t\t\t\t<\/div>\n\t\t\t\t\t<\/div>\n\t\t<\/div>\n\t\t\t\t\t<\/div>\n\t\t<\/section>\n\t\t\t\t<section class=\"elementor-section elementor-top-section elementor-element elementor-element-eab9145 elementor-section-boxed elementor-section-height-default elementor-section-height-default\" data-id=\"eab9145\" data-element_type=\"section\" data-e-type=\"section\">\n\t\t\t\t\t\t<div class=\"elementor-container elementor-column-gap-default\">\n\t\t\t\t\t<div class=\"elementor-column elementor-col-100 elementor-top-column elementor-element elementor-element-caa2d00\" data-id=\"caa2d00\" data-element_type=\"column\" data-e-type=\"column\">\n\t\t\t<div class=\"elementor-widget-wrap elementor-element-populated\">\n\t\t\t\t\t\t<div class=\"elementor-element elementor-element-db0083b elementor-widget elementor-widget-text-editor\" data-id=\"db0083b\" data-element_type=\"widget\" data-e-type=\"widget\" data-widget_type=\"text-editor.default\">\n\t\t\t\t<div class=\"elementor-widget-container\">\n\t\t\t\t\t\t\t\t\tOur nearly half a century of experience blended with innovation and excellence is reflected in the success stories we have created as \u00dc\u00c7GE DRS. Our company, which offers leading solutions in the field of storage and shelving systems, has strengthened its leading position in the field with groundbreaking projects in the sector. On this page, we are proud to share with you our reference projects that we have implemented with our valuable business partners. Each project aims to meet customer needs at the highest level, increasing their operational efficiency and contributing to their goals of achieving sustainable success. We invite you to review our success stories to discover \u00dc\u00c7GE DRS's innovative approach and customer-oriented solutions in the sector.\t\t\t\t\t\t\t\t<\/div>\n\t\t\t\t<\/div>\n\t\t\t\t<div class=\"elementor-element elementor-element-692eb61 elementor-grid-3 elementor-grid-tablet-2 elementor-grid-mobile-1 elementor-posts--thumbnail-top elementor-widget elementor-widget-posts\" data-id=\"692eb61\" data-element_type=\"widget\" data-e-type=\"widget\" data-settings=\"{&quot;classic_row_gap&quot;:{&quot;unit&quot;:&quot;px&quot;,&quot;size&quot;:40,&quot;sizes&quot;:[]},&quot;classic_columns&quot;:&quot;3&quot;,&quot;classic_columns_tablet&quot;:&quot;2&quot;,&quot;classic_columns_mobile&quot;:&quot;1&quot;,&quot;classic_row_gap_widescreen&quot;:{&quot;unit&quot;:&quot;px&quot;,&quot;size&quot;:&quot;&quot;,&quot;sizes&quot;:[]},&quot;classic_row_gap_laptop&quot;:{&quot;unit&quot;:&quot;px&quot;,&quot;size&quot;:&quot;&quot;,&quot;sizes&quot;:[]},&quot;classic_row_gap_tablet_extra&quot;:{&quot;unit&quot;:&quot;px&quot;,&quot;size&quot;:&quot;&quot;,&quot;sizes&quot;:[]},&quot;classic_row_gap_tablet&quot;:{&quot;unit&quot;:&quot;px&quot;,&quot;size&quot;:&quot;&quot;,&quot;sizes&quot;:[]},&quot;classic_row_gap_mobile_extra&quot;:{&quot;unit&quot;:&quot;px&quot;,&quot;size&quot;:&quot;&quot;,&quot;sizes&quot;:[]},&quot;classic_row_gap_mobile&quot;:{&quot;unit&quot;:&quot;px&quot;,&quot;size&quot;:&quot;&quot;,&quot;sizes&quot;:[]}}\" data-widget_type=\"posts.classic\">\n\t\t\t\t<div class=\"elementor-widget-container\">\n\t\t\t\t\t\t\t<div class=\"elementor-posts-container elementor-posts elementor-posts--skin-classic elementor-grid\" role=\"list\">\n\t\t\t\t<article class=\"elementor-post elementor-grid-item post-19042 page type-page status-publish has-post-thumbnail hentry\" role=\"listitem\">\n\t\t\t\t<a class=\"elementor-post__thumbnail__link\" href=\"https:\/\/ucgedrs.com\/en\/basari-hikayelerimiz\/goymen-food-giydirme-cephe-as-rs\/\" tabindex=\"-1\" >\n\t\t\t<div class=\"elementor-post__thumbnail\"><img fetchpriority=\"high\" decoding=\"async\" width=\"1024\" height=\"420\" src=\"https:\/\/ucgedrs.com\/wp-content\/uploads\/2023\/10\/goymen-proje-kapagi-2-1024x420.jpg\" class=\"attachment-large size-large wp-image-19046\" alt=\"goymen project cover (2)\" srcset=\"https:\/\/ucgedrs.com\/wp-content\/uploads\/2023\/10\/goymen-proje-kapagi-2-1024x420.jpg 1024w, https:\/\/ucgedrs.com\/wp-content\/uploads\/2023\/10\/goymen-proje-kapagi-2-300x123.jpg 300w, https:\/\/ucgedrs.com\/wp-content\/uploads\/2023\/10\/goymen-proje-kapagi-2-768x315.jpg 768w, https:\/\/ucgedrs.com\/wp-content\/uploads\/2023\/10\/goymen-proje-kapagi-2-1536x630.jpg 1536w, https:\/\/ucgedrs.com\/wp-content\/uploads\/2023\/10\/goymen-proje-kapagi-2-18x7.jpg 18w, https:\/\/ucgedrs.com\/wp-content\/uploads\/2023\/10\/goymen-proje-kapagi-2.jpg 1881w\" sizes=\"(max-width: 1024px) 100vw, 1024px\" \/><\/div>\n\t\t<\/a>\n\t\t\t\t<div class=\"elementor-post__text\">\n\t\t\t\t<h3 class=\"elementor-post__title\">\n\t\t\t<a href=\"https:\/\/ucgedrs.com\/en\/basari-hikayelerimiz\/goymen-food-giydirme-cephe-as-rs\/\" >\n\t\t\t\tG\u00f6ymen Food \u2013 Curtain Wall AS\/RS\t\t\t<\/a>\n\t\t<\/h3>\n\t\t\n\t\t<a class=\"elementor-post__read-more\" href=\"https:\/\/ucgedrs.com\/en\/basari-hikayelerimiz\/goymen-food-giydirme-cephe-as-rs\/\" aria-label=\"Read more about G\u00f6ymen Food &#8211; Giydirme Cephe AS\/RS\" tabindex=\"-1\" >\n\t\t\tCheck out the Success Story \u00bb\t\t<\/a>\n\n\t\t\t\t<\/div>\n\t\t\t\t<\/article>\n\t\t\t\t<article class=\"elementor-post elementor-grid-item post-19056 page type-page status-publish has-post-thumbnail hentry\" role=\"listitem\">\n\t\t\t\t<a class=\"elementor-post__thumbnail__link\" href=\"https:\/\/ucgedrs.com\/en\/basari-hikayelerimiz\/abalioglu-yag-akilli-depolama-projesi\/\" tabindex=\"-1\" >\n\t\t\t<div class=\"elementor-post__thumbnail\"><img decoding=\"async\" width=\"1024\" height=\"419\" src=\"https:\/\/ucgedrs.com\/wp-content\/uploads\/abalioglu-yag-kapak-1024x419.jpg\" class=\"attachment-large size-large wp-image-19680\" alt=\"abalioglu oil cover\" srcset=\"https:\/\/ucgedrs.com\/wp-content\/uploads\/abalioglu-yag-kapak-1024x419.jpg 1024w, https:\/\/ucgedrs.com\/wp-content\/uploads\/abalioglu-yag-kapak-300x123.jpg 300w, https:\/\/ucgedrs.com\/wp-content\/uploads\/abalioglu-yag-kapak-768x315.jpg 768w, https:\/\/ucgedrs.com\/wp-content\/uploads\/abalioglu-yag-kapak-1536x629.jpg 1536w, https:\/\/ucgedrs.com\/wp-content\/uploads\/abalioglu-yag-kapak-18x7.jpg 18w, https:\/\/ucgedrs.com\/wp-content\/uploads\/abalioglu-yag-kapak.jpg 1880w\" sizes=\"(max-width: 1024px) 100vw, 1024px\" \/><\/div>\n\t\t<\/a>\n\t\t\t\t<div class=\"elementor-post__text\">\n\t\t\t\t<h3 class=\"elementor-post__title\">\n\t\t\t<a href=\"https:\/\/ucgedrs.com\/en\/basari-hikayelerimiz\/abalioglu-yag-akilli-depolama-projesi\/\" >\n\t\t\t\tAbal\u0131o\u011flu Ya\u011f \u2013 Smart Storage Project\t\t\t<\/a>\n\t\t<\/h3>\n\t\t\n\t\t<a class=\"elementor-post__read-more\" href=\"https:\/\/ucgedrs.com\/en\/basari-hikayelerimiz\/abalioglu-yag-akilli-depolama-projesi\/\" aria-label=\"Read more about Abal\u0131o\u011flu Ya\u011f &#8211; Ak\u0131ll\u0131 Depolama Projesi\" tabindex=\"-1\" >\n\t\t\tCheck out the Success Story \u00bb\t\t<\/a>\n\n\t\t\t\t<\/div>\n\t\t\t\t<\/article>\n\t\t\t\t<article class=\"elementor-post elementor-grid-item post-19065 page type-page status-publish has-post-thumbnail hentry\" role=\"listitem\">\n\t\t\t\t<a class=\"elementor-post__thumbnail__link\" href=\"https:\/\/ucgedrs.com\/en\/basari-hikayelerimiz\/dogus-cay-akilli-depolama-projesi\/\" tabindex=\"-1\" >\n\t\t\t<div class=\"elementor-post__thumbnail\"><img decoding=\"async\" width=\"1024\" height=\"683\" src=\"https:\/\/ucgedrs.com\/wp-content\/uploads\/Dogus-Cay-asrs-1024x683.jpg\" class=\"attachment-large size-large wp-image-19691\" alt=\"\" srcset=\"https:\/\/ucgedrs.com\/wp-content\/uploads\/Dogus-Cay-asrs-1024x683.jpg 1024w, https:\/\/ucgedrs.com\/wp-content\/uploads\/Dogus-Cay-asrs-300x200.jpg 300w, https:\/\/ucgedrs.com\/wp-content\/uploads\/Dogus-Cay-asrs-768x512.jpg 768w, https:\/\/ucgedrs.com\/wp-content\/uploads\/Dogus-Cay-asrs-1536x1024.jpg 1536w, https:\/\/ucgedrs.com\/wp-content\/uploads\/Dogus-Cay-asrs-18x12.jpg 18w, https:\/\/ucgedrs.com\/wp-content\/uploads\/Dogus-Cay-asrs.jpg 1920w\" sizes=\"(max-width: 1024px) 100vw, 1024px\" \/><\/div>\n\t\t<\/a>\n\t\t\t\t<div class=\"elementor-post__text\">\n\t\t\t\t<h3 class=\"elementor-post__title\">\n\t\t\t<a href=\"https:\/\/ucgedrs.com\/en\/basari-hikayelerimiz\/dogus-cay-akilli-depolama-projesi\/\" >\n\t\t\t\tDo\u011fu\u015f \u00c7ay \u2013 Smart Storage Project\t\t\t<\/a>\n\t\t<\/h3>\n\t\t\n\t\t<a class=\"elementor-post__read-more\" href=\"https:\/\/ucgedrs.com\/en\/basari-hikayelerimiz\/dogus-cay-akilli-depolama-projesi\/\" aria-label=\"Read more about Do\u011fu\u015f \u00c7ay &#8211; Ak\u0131ll\u0131 Depolama Projesi\" tabindex=\"-1\" >\n\t\t\tCheck out the Success Story \u00bb\t\t<\/a>\n\n\t\t\t\t<\/div>\n\t\t\t\t<\/article>\n\t\t\t\t<article class=\"elementor-post elementor-grid-item post-19077 page type-page status-publish has-post-thumbnail hentry\" role=\"listitem\">\n\t\t\t\t<a class=\"elementor-post__thumbnail__link\" href=\"https:\/\/ucgedrs.com\/en\/basari-hikayelerimiz\/kat-mekatronik-otomatik-tepsili-sistem\/\" tabindex=\"-1\" >\n\t\t\t<div class=\"elementor-post__thumbnail\"><img loading=\"lazy\" decoding=\"async\" width=\"1024\" height=\"420\" src=\"https:\/\/ucgedrs.com\/wp-content\/uploads\/2023\/10\/kat-mekatronik-proje-kapak-1024x420.jpg\" class=\"attachment-large size-large wp-image-19090\" alt=\"floor mechatronics project cover\" srcset=\"https:\/\/ucgedrs.com\/wp-content\/uploads\/2023\/10\/kat-mekatronik-proje-kapak-1024x420.jpg 1024w, https:\/\/ucgedrs.com\/wp-content\/uploads\/2023\/10\/kat-mekatronik-proje-kapak-300x123.jpg 300w, https:\/\/ucgedrs.com\/wp-content\/uploads\/2023\/10\/kat-mekatronik-proje-kapak-768x315.jpg 768w, https:\/\/ucgedrs.com\/wp-content\/uploads\/2023\/10\/kat-mekatronik-proje-kapak-1536x630.jpg 1536w, https:\/\/ucgedrs.com\/wp-content\/uploads\/2023\/10\/kat-mekatronik-proje-kapak-18x7.jpg 18w, https:\/\/ucgedrs.com\/wp-content\/uploads\/2023\/10\/kat-mekatronik-proje-kapak.jpg 1881w\" sizes=\"(max-width: 1024px) 100vw, 1024px\" \/><\/div>\n\t\t<\/a>\n\t\t\t\t<div class=\"elementor-post__text\">\n\t\t\t\t<h3 class=\"elementor-post__title\">\n\t\t\t<a href=\"https:\/\/ucgedrs.com\/en\/basari-hikayelerimiz\/kat-mekatronik-otomatik-tepsili-sistem\/\" >\n\t\t\t\tKat Mekatronik \u2013 Automatic Tray System\t\t\t<\/a>\n\t\t<\/h3>\n\t\t\n\t\t<a class=\"elementor-post__read-more\" href=\"https:\/\/ucgedrs.com\/en\/basari-hikayelerimiz\/kat-mekatronik-otomatik-tepsili-sistem\/\" aria-label=\"Read more about Kat Mekatronik &#8211; Otomatik Tepsili Sistem\" tabindex=\"-1\" >\n\t\t\tCheck out the Success Story \u00bb\t\t<\/a>\n\n\t\t\t\t<\/div>\n\t\t\t\t<\/article>\n\t\t\t\t<article class=\"elementor-post elementor-grid-item post-19103 page type-page status-publish has-post-thumbnail hentry\" role=\"listitem\">\n\t\t\t\t<a class=\"elementor-post__thumbnail__link\" href=\"https:\/\/ucgedrs.com\/en\/basari-hikayelerimiz\/standart-pompa-mobipal-mobil-raf-sistemi\/\" tabindex=\"-1\" >\n\t\t\t<div class=\"elementor-post__thumbnail\"><img loading=\"lazy\" decoding=\"async\" width=\"1024\" height=\"420\" src=\"https:\/\/ucgedrs.com\/wp-content\/uploads\/2023\/10\/standart-pompa-proje-kapak-1024x420.jpg\" class=\"attachment-large size-large wp-image-19114\" alt=\"standard pump project cover\" srcset=\"https:\/\/ucgedrs.com\/wp-content\/uploads\/2023\/10\/standart-pompa-proje-kapak-1024x420.jpg 1024w, https:\/\/ucgedrs.com\/wp-content\/uploads\/2023\/10\/standart-pompa-proje-kapak-300x123.jpg 300w, https:\/\/ucgedrs.com\/wp-content\/uploads\/2023\/10\/standart-pompa-proje-kapak-768x315.jpg 768w, https:\/\/ucgedrs.com\/wp-content\/uploads\/2023\/10\/standart-pompa-proje-kapak-1536x630.jpg 1536w, https:\/\/ucgedrs.com\/wp-content\/uploads\/2023\/10\/standart-pompa-proje-kapak-18x7.jpg 18w, https:\/\/ucgedrs.com\/wp-content\/uploads\/2023\/10\/standart-pompa-proje-kapak.jpg 1881w\" sizes=\"(max-width: 1024px) 100vw, 1024px\" \/><\/div>\n\t\t<\/a>\n\t\t\t\t<div class=\"elementor-post__text\">\n\t\t\t\t<h3 class=\"elementor-post__title\">\n\t\t\t<a href=\"https:\/\/ucgedrs.com\/en\/basari-hikayelerimiz\/standart-pompa-mobipal-mobil-raf-sistemi\/\" >\n\t\t\t\tStandart Pompa \u2013 Mobipal Mobile Racking System\t\t\t<\/a>\n\t\t<\/h3>\n\t\t\n\t\t<a class=\"elementor-post__read-more\" href=\"https:\/\/ucgedrs.com\/en\/basari-hikayelerimiz\/standart-pompa-mobipal-mobil-raf-sistemi\/\" aria-label=\"Read more about Standart Pompa &#8211; Mobipal Mobil Raf Sistemi\" tabindex=\"-1\" >\n\t\t\tCheck out the Success Story \u00bb\t\t<\/a>\n\n\t\t\t\t<\/div>\n\t\t\t\t<\/article>\n\t\t\t\t<article class=\"elementor-post elementor-grid-item post-19118 page type-page status-publish has-post-thumbnail hentry\" role=\"listitem\">\n\t\t\t\t<a class=\"elementor-post__thumbnail__link\" href=\"https:\/\/ucgedrs.com\/en\/basari-hikayelerimiz\/korteks-tam-otomatik-depo-as-rs-projesi\/\" tabindex=\"-1\" >\n\t\t\t<div class=\"elementor-post__thumbnail\"><img loading=\"lazy\" decoding=\"async\" width=\"1024\" height=\"576\" src=\"https:\/\/ucgedrs.com\/wp-content\/uploads\/2023\/09\/KORTEKS-DEPO-2-1024x576.webp\" class=\"attachment-large size-large wp-image-18646\" alt=\"CORTEX WAREHOUSE-2\" srcset=\"https:\/\/ucgedrs.com\/wp-content\/uploads\/2023\/09\/KORTEKS-DEPO-2-1024x576.webp 1024w, https:\/\/ucgedrs.com\/wp-content\/uploads\/2023\/09\/KORTEKS-DEPO-2-300x169.webp 300w, https:\/\/ucgedrs.com\/wp-content\/uploads\/2023\/09\/KORTEKS-DEPO-2-768x432.webp 768w, https:\/\/ucgedrs.com\/wp-content\/uploads\/2023\/09\/KORTEKS-DEPO-2-1536x864.webp 1536w, https:\/\/ucgedrs.com\/wp-content\/uploads\/2023\/09\/KORTEKS-DEPO-2-18x10.webp 18w, https:\/\/ucgedrs.com\/wp-content\/uploads\/2023\/09\/KORTEKS-DEPO-2.webp 1920w\" sizes=\"(max-width: 1024px) 100vw, 1024px\" \/><\/div>\n\t\t<\/a>\n\t\t\t\t<div class=\"elementor-post__text\">\n\t\t\t\t<h3 class=\"elementor-post__title\">\n\t\t\t<a href=\"https:\/\/ucgedrs.com\/en\/basari-hikayelerimiz\/korteks-tam-otomatik-depo-as-rs-projesi\/\" >\n\t\t\t\tKorteks \u2013 Automatic Warehouse AS\/RS Project\t\t\t<\/a>\n\t\t<\/h3>\n\t\t\n\t\t<a class=\"elementor-post__read-more\" href=\"https:\/\/ucgedrs.com\/en\/basari-hikayelerimiz\/korteks-tam-otomatik-depo-as-rs-projesi\/\" aria-label=\"Read more about Korteks &#8211; Tam Otomatik Depo AS\/RS Projesi\" tabindex=\"-1\" >\n\t\t\tCheck out the Success Story \u00bb\t\t<\/a>\n\n\t\t\t\t<\/div>\n\t\t\t\t<\/article>\n\t\t\t\t<\/div>\n\t\t\n\t\t\t\t\t\t<\/div>\n\t\t\t\t<\/div>\n\t\t\t\t\t<\/div>\n\t\t<\/div>\n\t\t\t\t\t<\/div>\n\t\t<\/section>\n\t\t\t\t<\/div>","protected":false},"excerpt":{"rendered":"","protected":false},"author":1,"featured_media":0,"parent":0,"menu_order":0,"comment_status":"closed","ping_status":"closed","template":"elementor_header_footer","meta":{"footnotes":""},"class_list":["post-18527","page","type-page","status-publish","hentry"],"_links":{"self":[{"href":"https:\/\/ucgedrs.com\/en\/wp-json\/wp\/v2\/pages\/18527","targetHints":{"allow":["GET"]}}],"collection":[{"href":"https:\/\/ucgedrs.com\/en\/wp-json\/wp\/v2\/pages"}],"about":[{"href":"https:\/\/ucgedrs.com\/en\/wp-json\/wp\/v2\/types\/page"}],"author":[{"embeddable":true,"href":"https:\/\/ucgedrs.com\/en\/wp-json\/wp\/v2\/users\/1"}],"replies":[{"embeddable":true,"href":"https:\/\/ucgedrs.com\/en\/wp-json\/wp\/v2\/comments?post=18527"}],"version-history":[{"count":0,"href":"https:\/\/ucgedrs.com\/en\/wp-json\/wp\/v2\/pages\/18527\/revisions"}],"wp:attachment":[{"href":"https:\/\/ucgedrs.com\/en\/wp-json\/wp\/v2\/media?parent=18527"}],"curies":[{"name":"wp","href":"https:\/\/api.w.org\/{rel}","templated":true}]}}