{"id":14467,"date":"2023-09-13T07:50:20","date_gmt":"2023-09-13T07:50:20","guid":{"rendered":"https:\/\/ucgedrs.com\/?page_id=14467"},"modified":"2024-11-04T06:09:33","modified_gmt":"2024-11-04T06:39:33","slug":"news","status":"publish","type":"page","link":"https:\/\/ucgedrs.com\/en\/haberler\/","title":{"rendered":"News"},"content":{"rendered":"<div data-elementor-type=\"wp-page\" data-elementor-id=\"14467\" class=\"elementor elementor-14467\" data-elementor-post-type=\"page\">\n\t\t\t\t\t\t<section class=\"elementor-section elementor-top-section elementor-element elementor-element-b6f9e7b elementor-section-height-min-height elementor-section-boxed elementor-section-height-default elementor-section-items-middle\" data-id=\"b6f9e7b\" data-element_type=\"section\" data-e-type=\"section\" data-settings=\"{&quot;background_background&quot;:&quot;classic&quot;}\">\n\t\t\t\t\t\t<div class=\"elementor-container elementor-column-gap-default\">\n\t\t\t\t\t<div class=\"elementor-column elementor-col-100 elementor-top-column elementor-element elementor-element-e7eaa95\" data-id=\"e7eaa95\" data-element_type=\"column\" data-e-type=\"column\">\n\t\t\t<div class=\"elementor-widget-wrap elementor-element-populated\">\n\t\t\t\t\t\t<div class=\"elementor-element elementor-element-c4c1e3e elementor-widget elementor-widget-image\" data-id=\"c4c1e3e\" data-element_type=\"widget\" data-e-type=\"widget\" data-widget_type=\"image.default\">\n\t\t\t\t<div class=\"elementor-widget-container\">\n\t\t\t\t\t\t\t\t\t\t\t\t\t\t\t<img fetchpriority=\"high\" decoding=\"async\" width=\"1883\" height=\"771\" src=\"https:\/\/ucgedrs.com\/wp-content\/uploads\/2023\/09\/haberler-banneri.jpg\" class=\"attachment-full size-full wp-image-17144\" alt=\"news-banner\" srcset=\"https:\/\/ucgedrs.com\/wp-content\/uploads\/2023\/09\/haberler-banneri.jpg 1883w, https:\/\/ucgedrs.com\/wp-content\/uploads\/2023\/09\/haberler-banneri-300x123.jpg 300w, https:\/\/ucgedrs.com\/wp-content\/uploads\/2023\/09\/haberler-banneri-1024x419.jpg 1024w, https:\/\/ucgedrs.com\/wp-content\/uploads\/2023\/09\/haberler-banneri-768x314.jpg 768w, https:\/\/ucgedrs.com\/wp-content\/uploads\/2023\/09\/haberler-banneri-1536x629.jpg 1536w, https:\/\/ucgedrs.com\/wp-content\/uploads\/2023\/09\/haberler-banneri-18x7.jpg 18w\" sizes=\"(max-width: 1883px) 100vw, 1883px\" \/>\t\t\t\t\t\t\t\t\t\t\t\t\t\t\t<\/div>\n\t\t\t\t<\/div>\n\t\t\t\t<div class=\"elementor-element elementor-element-d384759 elementor-widget__width-auto elementor-absolute elementor-widget elementor-widget-heading\" data-id=\"d384759\" data-element_type=\"widget\" data-e-type=\"widget\" data-settings=\"{&quot;_position&quot;:&quot;absolute&quot;}\" data-widget_type=\"heading.default\">\n\t\t\t\t<div class=\"elementor-widget-container\">\n\t\t\t\t\t<h1 class=\"elementor-heading-title elementor-size-default\">News<\/h1>\t\t\t\t<\/div>\n\t\t\t\t<\/div>\n\t\t\t\t\t<\/div>\n\t\t<\/div>\n\t\t\t\t\t<\/div>\n\t\t<\/section>\n\t\t\t\t<section class=\"elementor-section elementor-top-section elementor-element elementor-element-4bcc45c elementor-section-boxed elementor-section-height-default elementor-section-height-default\" data-id=\"4bcc45c\" data-element_type=\"section\" data-e-type=\"section\">\n\t\t\t\t\t\t<div class=\"elementor-container elementor-column-gap-default\">\n\t\t\t\t\t<div class=\"elementor-column elementor-col-100 elementor-top-column elementor-element elementor-element-abd11df\" data-id=\"abd11df\" data-element_type=\"column\" data-e-type=\"column\">\n\t\t\t<div class=\"elementor-widget-wrap elementor-element-populated\">\n\t\t\t\t\t\t<div class=\"elementor-element elementor-element-dab667b elementor-widget elementor-widget-heading\" data-id=\"dab667b\" data-element_type=\"widget\" data-e-type=\"widget\" data-widget_type=\"heading.default\">\n\t\t\t\t<div class=\"elementor-widget-container\">\n\t\t\t\t\t<h2 class=\"elementor-heading-title elementor-size-default\">On the \u00dc\u00c7GE DRS News page, you can find up-to-date news about our innovative vision and sustainable goals, as well as the awards we have won and the values we have added.<\/h2>\t\t\t\t<\/div>\n\t\t\t\t<\/div>\n\t\t\t\t<div class=\"elementor-element elementor-element-005ad9b elementor-widget elementor-widget-industrium_blog_listing\" data-id=\"005ad9b\" data-element_type=\"widget\" data-e-type=\"widget\" data-widget_type=\"industrium_blog_listing.default\">\n\t\t\t\t<div class=\"elementor-widget-container\">\n\t\t\t\t\t\n        <div class=\"archive-listing\" data-ajax='{&quot;post_type&quot;:&quot;post&quot;,&quot;posts_per_page&quot;:0,&quot;orderby&quot;:&quot;date&quot;,&quot;order&quot;:&quot;desc&quot;,&quot;paged&quot;:1,&quot;category_name&quot;:&quot;haberler&quot;,&quot;tag&quot;:&quot;&quot;,&quot;post__in&quot;:&quot;&quot;,&quot;ignore_sticky_posts&quot;:false,&quot;link_base&quot;:&quot;https:\\\/\\\/ucgedrs.com\\\/en\\\/wp-json\\\/wp\\\/v2\\\/pages\\\/14467&quot;}' data-widget='{&quot;excerpt_length&quot;:190,&quot;show_cat&quot;:&quot;&quot;,&quot;show_media&quot;:&quot;yes&quot;,&quot;show_author&quot;:&quot;&quot;,&quot;show_date&quot;:&quot;yes&quot;,&quot;show_title&quot;:&quot;yes&quot;,&quot;show_tags&quot;:&quot;no&quot;,&quot;show_excerpt&quot;:&quot;&quot;,&quot;show_read_more&quot;:&quot;yes&quot;,&quot;read_more_text&quot;:&quot;Daha Fazlas\\u0131&quot;,&quot;item_class&quot;:&quot;post grid-item grid-blog-item-wrapper&quot;,&quot;columns_number&quot;:3,&quot;listing_type&quot;:&quot;grid&quot;}'>\n            <div class=\"archive-listing-wrapper grid-listing columns-3\">\n                \n<div class=\"standard-blog-item-wrapper post grid-item grid-blog-item-wrapper post-20936 type-post status-publish format-standard has-post-thumbnail hentry category-haberler\">\n    <div class=\"blog-item\">\n        <div class=\"post-media-wrapper\"><a href=\"https:\/\/ucgedrs.com\/en\/haberler\/depo-sistemleri-ic-lojistik-fuari\/\"><picture><source media=\"(max-width: 575px)\" sizes=\"(max-width: 535px) 535px\" srcset=\"https:\/\/ucgedrs.com\/wp-content\/uploads\/UCGE-DRS-Yeni-Nesil-Depo-Sistemleri.webp 535w\"><source media=\"(max-width: 991px)\" sizes=\"(max-width: 951px) 951px\" srcset=\"https:\/\/ucgedrs.com\/wp-content\/uploads\/UCGE-DRS-Yeni-Nesil-Depo-Sistemleri-480x400.webp 951w\"><img decoding=\"async\" alt=\"\u00dc\u00c7GE DRS Yeni Nesil Depo Sistemleri\" title=\"\u00dc\u00c7GE DRS Yeni Nesil Depo Sistemleri\" src=\"https:\/\/ucgedrs.com\/wp-content\/uploads\/UCGE-DRS-Yeni-Nesil-Depo-Sistemleri.webp\" class=\"attachment-industrium_post_grid_3_columns size-industrium_post_grid_3_columns wp-post-image\" \/><\/picture><\/a><\/div><div class=\"post-meta-header\"><div class=\"post-meta-item post-meta-item-date\"><a href=\"https:\/\/ucgedrs.com\/en\/2025\/09\/24\/\"><span class=\"post-meta-item-day\">24<\/span><span class=\"post-meta-item-month-year\">Sep '25<\/span><\/a><\/div><\/div><h4 class=\"post-title\"><a href=\"https:\/\/ucgedrs.com\/en\/haberler\/depo-sistemleri-ic-lojistik-fuari\/\">\u00dc\u00c7GE DRS, Yeni Nesil Depo Sistemleri ve \u0130\u00e7 Lojistik Fuar\u0131\u2019nda  Gelece\u011fin Depo \u00c7\u00f6z\u00fcmlerini Tan\u0131tt\u0131<\/a><\/h4><div class=\"post-more-button\"><a href=\"https:\/\/ucgedrs.com\/en\/haberler\/depo-sistemleri-ic-lojistik-fuari\/\" class=\"industrium-button\">More<svg viewbox=\"0 0 13 20\"><polyline points=\"0.5 19.5 3 19.5 12.5 10 3 0.5\" \/><\/svg><\/a><\/div>    <\/div>\n<\/div>\n<div class=\"standard-blog-item-wrapper post grid-item grid-blog-item-wrapper post-20774 type-post status-publish format-standard has-post-thumbnail hentry category-haberler\">\n    <div class=\"blog-item\">\n        <div class=\"post-media-wrapper\"><a href=\"https:\/\/ucgedrs.com\/en\/haberler\/intralojistigin-gelecegini-inovasyonla-tasarliyor\/\"><picture><source media=\"(max-width: 575px)\" sizes=\"(max-width: 535px) 535px\" srcset=\"https:\/\/ucgedrs.com\/wp-content\/uploads\/dunya-gazetesi-haberi.webp 535w\"><source media=\"(max-width: 991px)\" sizes=\"(max-width: 951px) 951px\" srcset=\"https:\/\/ucgedrs.com\/wp-content\/uploads\/dunya-gazetesi-haberi-480x400.webp 951w\"><img decoding=\"async\" alt=\"dunya gazetesi haberi\" title=\"dunya gazetesi haberi\" src=\"https:\/\/ucgedrs.com\/wp-content\/uploads\/dunya-gazetesi-haberi.webp\" class=\"attachment-industrium_post_grid_3_columns size-industrium_post_grid_3_columns wp-post-image\" \/><\/picture><\/a><\/div><div class=\"post-meta-header\"><div class=\"post-meta-item post-meta-item-date\"><a href=\"https:\/\/ucgedrs.com\/en\/2025\/08\/14\/\"><span class=\"post-meta-item-day\">14<\/span><span class=\"post-meta-item-month-year\">Aug '25<\/span><\/a><\/div><\/div><h4 class=\"post-title\"><a href=\"https:\/\/ucgedrs.com\/en\/haberler\/intralojistigin-gelecegini-inovasyonla-tasarliyor\/\">Intralojisti\u011fin gelece\u011fini inovasyonla tasarl\u0131yor<\/a><\/h4><div class=\"post-more-button\"><a href=\"https:\/\/ucgedrs.com\/en\/haberler\/intralojistigin-gelecegini-inovasyonla-tasarliyor\/\" class=\"industrium-button\">More<svg viewbox=\"0 0 13 20\"><polyline points=\"0.5 19.5 3 19.5 12.5 10 3 0.5\" \/><\/svg><\/a><\/div>    <\/div>\n<\/div>\n<div class=\"standard-blog-item-wrapper post grid-item grid-blog-item-wrapper post-20604 type-post status-publish format-standard has-post-thumbnail hentry category-haberler tag-logimat tag-logimat-2025 tag-logimat-fair tag-logimat-fuari tag-ucge-drs\">\n    <div class=\"blog-item\">\n        <div class=\"post-media-wrapper\"><a href=\"https:\/\/ucgedrs.com\/en\/haberler\/ucge-drs-logimat-2025te-ilgi-odagi-oldu\/\"><picture><source media=\"(max-width: 575px)\" sizes=\"(max-width: 535px) 535px\" srcset=\"https:\/\/ucgedrs.com\/wp-content\/uploads\/ucge-drs-logimat_1.webp 535w\"><source media=\"(max-width: 991px)\" sizes=\"(max-width: 951px) 951px\" srcset=\"https:\/\/ucgedrs.com\/wp-content\/uploads\/ucge-drs-logimat_1-480x400.webp 951w\"><img decoding=\"async\" alt=\"\u00fc\u00e7ge drs logimat_1\" title=\"\u00fc\u00e7ge drs logimat_1\" src=\"https:\/\/ucgedrs.com\/wp-content\/uploads\/ucge-drs-logimat_1.webp\" class=\"attachment-industrium_post_grid_3_columns size-industrium_post_grid_3_columns wp-post-image\" \/><\/picture><\/a><\/div><div class=\"post-meta-header\"><div class=\"post-meta-item post-meta-item-date\"><a href=\"https:\/\/ucgedrs.com\/en\/2025\/03\/19\/\"><span class=\"post-meta-item-day\">19<\/span><span class=\"post-meta-item-month-year\">Mar '25<\/span><\/a><\/div><\/div><h4 class=\"post-title\"><a href=\"https:\/\/ucgedrs.com\/en\/haberler\/ucge-drs-logimat-2025te-ilgi-odagi-oldu\/\">\u00dc\u00c7GE DRS was the centre of attention with its Smart Warehouses at LOGIMAT 2025 in Germany<\/a><\/h4><div class=\"post-more-button\"><a href=\"https:\/\/ucgedrs.com\/en\/haberler\/ucge-drs-logimat-2025te-ilgi-odagi-oldu\/\" class=\"industrium-button\">More<svg viewbox=\"0 0 13 20\"><polyline points=\"0.5 19.5 3 19.5 12.5 10 3 0.5\" \/><\/svg><\/a><\/div>    <\/div>\n<\/div>\n<div class=\"standard-blog-item-wrapper post grid-item grid-blog-item-wrapper post-20360 type-post status-publish format-standard has-post-thumbnail hentry category-haberler\">\n    <div class=\"blog-item\">\n        <div class=\"post-media-wrapper\"><a href=\"https:\/\/ucgedrs.com\/en\/haberler\/ucge-drs-9-robot-yatirimlari-zirvesinde-ilgi-odagi\/\"><picture><source media=\"(max-width: 575px)\" sizes=\"(max-width: 535px) 535px\" srcset=\"https:\/\/ucgedrs.com\/wp-content\/uploads\/9.-robot-yatirimlari-2.webp 535w\"><source media=\"(max-width: 991px)\" sizes=\"(max-width: 951px) 951px\" srcset=\"https:\/\/ucgedrs.com\/wp-content\/uploads\/9.-robot-yatirimlari-2-480x400.webp 951w\"><img decoding=\"async\" alt=\"9. robot yat\u0131r\u0131mlar\u0131-2\" title=\"9. robot yat\u0131r\u0131mlar\u0131-2\" src=\"https:\/\/ucgedrs.com\/wp-content\/uploads\/9.-robot-yatirimlari-2.webp\" class=\"attachment-industrium_post_grid_3_columns size-industrium_post_grid_3_columns wp-post-image\" \/><\/picture><\/a><\/div><div class=\"post-meta-header\"><div class=\"post-meta-item post-meta-item-date\"><a href=\"https:\/\/ucgedrs.com\/en\/2024\/12\/24\/\"><span class=\"post-meta-item-day\">24<\/span><span class=\"post-meta-item-month-year\">Dec '24<\/span><\/a><\/div><\/div><h4 class=\"post-title\"><a href=\"https:\/\/ucgedrs.com\/en\/haberler\/ucge-drs-9-robot-yatirimlari-zirvesinde-ilgi-odagi\/\">\u00dc\u00c7GE DRS became the center of attention with its intralogistics solutions at the 9th Robot Investments Summit<\/a><\/h4><div class=\"post-more-button\"><a href=\"https:\/\/ucgedrs.com\/en\/haberler\/ucge-drs-9-robot-yatirimlari-zirvesinde-ilgi-odagi\/\" class=\"industrium-button\">More<svg viewbox=\"0 0 13 20\"><polyline points=\"0.5 19.5 3 19.5 12.5 10 3 0.5\" \/><\/svg><\/a><\/div>    <\/div>\n<\/div>\n<div class=\"standard-blog-item-wrapper post grid-item grid-blog-item-wrapper post-19525 type-post status-publish format-standard has-post-thumbnail hentry category-haberler\">\n    <div class=\"blog-item\">\n        <div class=\"post-media-wrapper\"><a href=\"https:\/\/ucgedrs.com\/en\/haberler\/ucge-drs-sw24-summitte-sektorun-gelecegine-isik-tuttu\/\"><picture><source media=\"(max-width: 575px)\" sizes=\"(max-width: 535px) 535px\" srcset=\"https:\/\/ucgedrs.com\/wp-content\/uploads\/UCGE-DRS-SW24-SUMMITte-Akin-Saka.png 535w\"><source media=\"(max-width: 991px)\" sizes=\"(max-width: 951px) 951px\" srcset=\"https:\/\/ucgedrs.com\/wp-content\/uploads\/UCGE-DRS-SW24-SUMMITte-Akin-Saka-480x400.png 951w\"><img decoding=\"async\" alt=\"Akin Saka at \u00dc\u00c7GE DRS, SW&#039;24 SUMMIT\" title=\"Akin Saka at \u00dc\u00c7GE DRS, SW&#039;24 SUMMIT\" src=\"https:\/\/ucgedrs.com\/wp-content\/uploads\/UCGE-DRS-SW24-SUMMITte-Akin-Saka.png\" class=\"attachment-industrium_post_grid_3_columns size-industrium_post_grid_3_columns wp-post-image\" \/><\/picture><\/a><\/div><div class=\"post-meta-header\"><div class=\"post-meta-item post-meta-item-date\"><a href=\"https:\/\/ucgedrs.com\/en\/2024\/05\/24\/\"><span class=\"post-meta-item-day\">24<\/span><span class=\"post-meta-item-month-year\">May &#039;24<\/span><\/a><\/div><\/div><h4 class=\"post-title\"><a href=\"https:\/\/ucgedrs.com\/en\/haberler\/ucge-drs-sw24-summitte-sektorun-gelecegine-isik-tuttu\/\">\u00dc\u00c7GE DRS shined a light on the future of the industry at the SW\u201924 SUMMIT.<\/a><\/h4><div class=\"post-more-button\"><a href=\"https:\/\/ucgedrs.com\/en\/haberler\/ucge-drs-sw24-summitte-sektorun-gelecegine-isik-tuttu\/\" class=\"industrium-button\">More<svg viewbox=\"0 0 13 20\"><polyline points=\"0.5 19.5 3 19.5 12.5 10 3 0.5\" \/><\/svg><\/a><\/div>    <\/div>\n<\/div>\n<div class=\"standard-blog-item-wrapper post grid-item grid-blog-item-wrapper post-19474 type-post status-publish format-standard has-post-thumbnail hentry category-haberler\">\n    <div class=\"blog-item\">\n        <div class=\"post-media-wrapper\"><a href=\"https:\/\/ucgedrs.com\/en\/haberler\/depolama-ve-intralojistik-cozumleri-zirvesinde-korteks-mensucat-otomatik-depo-sistemini-anlatti\/\"><picture><source media=\"(max-width: 575px)\" sizes=\"(max-width: 535px) 535px\" srcset=\"https:\/\/ucgedrs.com\/wp-content\/uploads\/2024\/01\/ST-Endustri-korteks-haberi.webp 535w\"><source media=\"(max-width: 991px)\" sizes=\"(max-width: 951px) 951px\" srcset=\"https:\/\/ucgedrs.com\/wp-content\/uploads\/2024\/01\/ST-Endustri-korteks-haberi-480x400.webp 951w\"><img decoding=\"async\" alt=\"ST Industry cortex news\" title=\"ST Industry cortex news\" src=\"https:\/\/ucgedrs.com\/wp-content\/uploads\/2024\/01\/ST-Endustri-korteks-haberi.webp\" class=\"attachment-industrium_post_grid_3_columns size-industrium_post_grid_3_columns wp-post-image\" \/><\/picture><\/a><\/div><div class=\"post-meta-header\"><div class=\"post-meta-item post-meta-item-date\"><a href=\"https:\/\/ucgedrs.com\/en\/2024\/01\/05\/\"><span class=\"post-meta-item-day\">05<\/span><span class=\"post-meta-item-month-year\">Jan &#039;24<\/span><\/a><\/div><\/div><h4 class=\"post-title\"><a href=\"https:\/\/ucgedrs.com\/en\/haberler\/depolama-ve-intralojistik-cozumleri-zirvesinde-korteks-mensucat-otomatik-depo-sistemini-anlatti\/\">Korteks Mensucat Described Automated Warehouse Systems at the Intralogistics Summit<\/a><\/h4><div class=\"post-more-button\"><a href=\"https:\/\/ucgedrs.com\/en\/haberler\/depolama-ve-intralojistik-cozumleri-zirvesinde-korteks-mensucat-otomatik-depo-sistemini-anlatti\/\" class=\"industrium-button\">More<svg viewbox=\"0 0 13 20\"><polyline points=\"0.5 19.5 3 19.5 12.5 10 3 0.5\" \/><\/svg><\/a><\/div>    <\/div>\n<\/div>\n<div class=\"standard-blog-item-wrapper post grid-item grid-blog-item-wrapper post-19437 type-post status-publish format-standard has-post-thumbnail hentry category-haberler\">\n    <div class=\"blog-item\">\n        <div class=\"post-media-wrapper\"><a href=\"https:\/\/ucgedrs.com\/en\/haberler\/ucge-drsnin-robotik-depo-cozumlerine-buyuk-ilgi\/\"><picture><source media=\"(max-width: 575px)\" sizes=\"(max-width: 535px) 535px\" srcset=\"https:\/\/ucgedrs.com\/wp-content\/uploads\/drs-2024-zirve-1.png 535w\"><source media=\"(max-width: 991px)\" sizes=\"(max-width: 951px) 951px\" srcset=\"https:\/\/ucgedrs.com\/wp-content\/uploads\/drs-2024-zirve-1-480x400.png 951w\"><img decoding=\"async\" alt=\"drs 2024 summit-1\" title=\"drs 2024 summit-1\" src=\"https:\/\/ucgedrs.com\/wp-content\/uploads\/drs-2024-zirve-1.png\" class=\"attachment-industrium_post_grid_3_columns size-industrium_post_grid_3_columns wp-post-image\" \/><\/picture><\/a><\/div><div class=\"post-meta-header\"><div class=\"post-meta-item post-meta-item-date\"><a href=\"https:\/\/ucgedrs.com\/en\/2023\/12\/26\/\"><span class=\"post-meta-item-day\">26<\/span><span class=\"post-meta-item-month-year\">Dec &#039;23<\/span><\/a><\/div><\/div><h4 class=\"post-title\"><a href=\"https:\/\/ucgedrs.com\/en\/haberler\/ucge-drsnin-robotik-depo-cozumlerine-buyuk-ilgi\/\">GREAT INTEREST IN THE ROBOTIC WAREHOUSE SOLUTIONS OF \u00dc\u00c7GE DRS<\/a><\/h4><div class=\"post-more-button\"><a href=\"https:\/\/ucgedrs.com\/en\/haberler\/ucge-drsnin-robotik-depo-cozumlerine-buyuk-ilgi\/\" class=\"industrium-button\">More<svg viewbox=\"0 0 13 20\"><polyline points=\"0.5 19.5 3 19.5 12.5 10 3 0.5\" \/><\/svg><\/a><\/div>    <\/div>\n<\/div>\n<div class=\"standard-blog-item-wrapper post grid-item grid-blog-item-wrapper post-6021 type-post status-publish format-standard has-post-thumbnail hentry category-haberler\">\n    <div class=\"blog-item\">\n        <div class=\"post-media-wrapper\"><a href=\"https:\/\/ucgedrs.com\/en\/haberler\/tuncer-yildiz-otomatik-depolara-iliskin-degerlendirmede-bulundu\/\"><picture><source media=\"(max-width: 575px)\" sizes=\"(max-width: 535px) 535px\" srcset=\"https:\/\/ucgedrs.com\/wp-content\/uploads\/2023\/09\/TUNCER-YILDIZ-OTOMATIK-DEPOLARA-ILISKIN-DEGERLENDIRMEDE-BULUNDU-blogunu-sec_-TUNCER-YILDIZ-OTOMATIK-DEPOLARA-ILISKIN-DEGERLENDIRMEDE-BULUNDU_14.webp 535w\"><source media=\"(max-width: 991px)\" sizes=\"(max-width: 951px) 951px\" srcset=\"https:\/\/ucgedrs.com\/wp-content\/uploads\/2023\/09\/TUNCER-YILDIZ-OTOMATIK-DEPOLARA-ILISKIN-DEGERLENDIRMEDE-BULUNDU-blogunu-sec_-TUNCER-YILDIZ-OTOMATIK-DEPOLARA-ILISKIN-DEGERLENDIRMEDE-BULUNDU_14-480x400.webp 951w\"><img decoding=\"async\" alt=\"TUN\u00c7ER YILDIZ MADE AN EVALUATION ON AUTOMATED WAREHOUSES select the block_ TUN\u00c7ER YILDIZ MADE AN EVALUATION ON AUTOMATED WAREHOUSES_14\" title=\"TUN\u00c7ER YILDIZ MADE AN EVALUATION ON AUTOMATED WAREHOUSES select the block_ TUN\u00c7ER YILDIZ MADE AN EVALUATION ON AUTOMATED WAREHOUSES_14\" src=\"https:\/\/ucgedrs.com\/wp-content\/uploads\/2023\/09\/TUNCER-YILDIZ-OTOMATIK-DEPOLARA-ILISKIN-DEGERLENDIRMEDE-BULUNDU-blogunu-sec_-TUNCER-YILDIZ-OTOMATIK-DEPOLARA-ILISKIN-DEGERLENDIRMEDE-BULUNDU_14.webp\" class=\"attachment-industrium_post_grid_3_columns size-industrium_post_grid_3_columns wp-post-image\" \/><\/picture><\/a><\/div><div class=\"post-meta-header\"><div class=\"post-meta-item post-meta-item-date\"><a href=\"https:\/\/ucgedrs.com\/en\/2023\/09\/19\/\"><span class=\"post-meta-item-day\">19<\/span><span class=\"post-meta-item-month-year\">Sep &#039;23<\/span><\/a><\/div><\/div><h4 class=\"post-title\"><a href=\"https:\/\/ucgedrs.com\/en\/haberler\/tuncer-yildiz-otomatik-depolara-iliskin-degerlendirmede-bulundu\/\">Tun\u00e7er Y\u0131ld\u0131z Evaluated Automated Storage Systems<\/a><\/h4><div class=\"post-more-button\"><a href=\"https:\/\/ucgedrs.com\/en\/haberler\/tuncer-yildiz-otomatik-depolara-iliskin-degerlendirmede-bulundu\/\" class=\"industrium-button\">More<svg viewbox=\"0 0 13 20\"><polyline points=\"0.5 19.5 3 19.5 12.5 10 3 0.5\" \/><\/svg><\/a><\/div>    <\/div>\n<\/div>\n<div class=\"standard-blog-item-wrapper post grid-item grid-blog-item-wrapper post-19213 type-post status-publish format-standard has-post-thumbnail hentry category-haberler\">\n    <div class=\"blog-item\">\n        <div class=\"post-media-wrapper\"><a href=\"https:\/\/ucgedrs.com\/en\/haberler\/ucge-drs-e-ticaret-sektorune-lojistik-ussu-depolama-cozumleri-sunuyor\/\"><picture><source media=\"(max-width: 575px)\" sizes=\"(max-width: 535px) 535px\" srcset=\"https:\/\/ucgedrs.com\/wp-content\/uploads\/2023\/09\/ucgedrs-eticaret-kapak.jpg 535w\"><source media=\"(max-width: 991px)\" sizes=\"(max-width: 951px) 951px\" srcset=\"https:\/\/ucgedrs.com\/wp-content\/uploads\/2023\/09\/ucgedrs-eticaret-kapak-480x400.jpg 951w\"><img decoding=\"async\" alt=\"ucgedrs-eticaret-cover\" title=\"ucgedrs-eticaret-cover\" src=\"https:\/\/ucgedrs.com\/wp-content\/uploads\/2023\/09\/ucgedrs-eticaret-kapak.jpg\" class=\"attachment-industrium_post_grid_3_columns size-industrium_post_grid_3_columns wp-post-image\" \/><\/picture><\/a><\/div><div class=\"post-meta-header\"><div class=\"post-meta-item post-meta-item-date\"><a href=\"https:\/\/ucgedrs.com\/en\/2023\/09\/19\/\"><span class=\"post-meta-item-day\">19<\/span><span class=\"post-meta-item-month-year\">Sep &#039;23<\/span><\/a><\/div><\/div><h4 class=\"post-title\"><a href=\"https:\/\/ucgedrs.com\/en\/haberler\/ucge-drs-e-ticaret-sektorune-lojistik-ussu-depolama-cozumleri-sunuyor\/\">\u00dc\u00c7GE DRS OFFERS LOG\u0130ST\u0130CS BASE STORAGE SOLUTIONS TO THE E-COMMERCE SECTOR<\/a><\/h4><div class=\"post-more-button\"><a href=\"https:\/\/ucgedrs.com\/en\/haberler\/ucge-drs-e-ticaret-sektorune-lojistik-ussu-depolama-cozumleri-sunuyor\/\" class=\"industrium-button\">More<svg viewbox=\"0 0 13 20\"><polyline points=\"0.5 19.5 3 19.5 12.5 10 3 0.5\" \/><\/svg><\/a><\/div>    <\/div>\n<\/div>\n<div class=\"standard-blog-item-wrapper post grid-item grid-blog-item-wrapper post-5414 type-post status-publish format-standard has-post-thumbnail hentry category-haberler\">\n    <div class=\"blog-item\">\n        <div class=\"post-media-wrapper\"><a href=\"https:\/\/ucgedrs.com\/en\/haberler\/otomatik-depo-sistemi-pasa-verimlilik-odulune-layik-goruldu\/\"><picture><source media=\"(max-width: 575px)\" sizes=\"(max-width: 535px) 535px\" srcset=\"https:\/\/ucgedrs.com\/wp-content\/uploads\/2023\/09\/UCGE-DRS-OTOMATIK-DEPO-PROJESINE-VERIMLILIK-ODULU_5.webp 535w\"><source media=\"(max-width: 991px)\" sizes=\"(max-width: 951px) 951px\" srcset=\"https:\/\/ucgedrs.com\/wp-content\/uploads\/2023\/09\/UCGE-DRS-OTOMATIK-DEPO-PROJESINE-VERIMLILIK-ODULU_5-480x400.webp 951w\"><img decoding=\"async\" alt=\"EFFICIENCY AWARD TO \u00dc\u00c7GE DRS AUTOMATED WAREHOUSE PROJECT_5\" title=\"EFFICIENCY AWARD TO \u00dc\u00c7GE DRS AUTOMATED WAREHOUSE PROJECT_5\" src=\"https:\/\/ucgedrs.com\/wp-content\/uploads\/2023\/09\/UCGE-DRS-OTOMATIK-DEPO-PROJESINE-VERIMLILIK-ODULU_5.webp\" class=\"attachment-industrium_post_grid_3_columns size-industrium_post_grid_3_columns wp-post-image\" \/><\/picture><\/a><\/div><div class=\"post-meta-header\"><div class=\"post-meta-item post-meta-item-date\"><a href=\"https:\/\/ucgedrs.com\/en\/2023\/09\/10\/\"><span class=\"post-meta-item-day\">10<\/span><span class=\"post-meta-item-month-year\">Sep &#039;23<\/span><\/a><\/div><\/div><h4 class=\"post-title\"><a href=\"https:\/\/ucgedrs.com\/en\/haberler\/otomatik-depo-sistemi-pasa-verimlilik-odulune-layik-goruldu\/\">Automatic Warehouse System was deemed worthy of PA\u015eA Efficiency Award<\/a><\/h4><div class=\"post-more-button\"><a href=\"https:\/\/ucgedrs.com\/en\/haberler\/otomatik-depo-sistemi-pasa-verimlilik-odulune-layik-goruldu\/\" class=\"industrium-button\">More<svg viewbox=\"0 0 13 20\"><polyline points=\"0.5 19.5 3 19.5 12.5 10 3 0.5\" \/><\/svg><\/a><\/div>    <\/div>\n<\/div>            <\/div>\n\n            <div class=\"content-pagination\"><nav class=\"navigation pagination\"><h2 class=\"screen-reader-text\">Pagination<\/h2><div class=\"nav-links\"><span aria-current=\"page\" class=\"page-numbers current\">1<\/span>\n<a class=\"page-numbers\" href=\"https:\/\/ucgedrs.com\/en\/wp-json\/wp\/v2\/pages\/14467\/?005ad9b-paged=2\">2<\/a>\n<a class=\"page-numbers\" href=\"https:\/\/ucgedrs.com\/en\/wp-json\/wp\/v2\/pages\/14467\/?005ad9b-paged=3\">3<\/a>\n<a class=\"next page-numbers\" href=\"https:\/\/ucgedrs.com\/en\/wp-json\/wp\/v2\/pages\/14467\/?005ad9b-paged=2\"><div class=\"button-icon\"><\/div><\/a><\/div><\/nav><\/div>        <\/div>\n        \t\t\t\t<\/div>\n\t\t\t\t<\/div>\n\t\t\t\t\t<\/div>\n\t\t<\/div>\n\t\t\t\t\t<\/div>\n\t\t<\/section>\n\t\t\t\t<\/div>","protected":false},"excerpt":{"rendered":"<p>&#8230;<\/p>","protected":false},"author":1,"featured_media":0,"parent":0,"menu_order":0,"comment_status":"closed","ping_status":"closed","template":"elementor_header_footer","meta":{"footnotes":""},"class_list":["post-14467","page","type-page","status-publish","hentry"],"_links":{"self":[{"href":"https:\/\/ucgedrs.com\/en\/wp-json\/wp\/v2\/pages\/14467","targetHints":{"allow":["GET"]}}],"collection":[{"href":"https:\/\/ucgedrs.com\/en\/wp-json\/wp\/v2\/pages"}],"about":[{"href":"https:\/\/ucgedrs.com\/en\/wp-json\/wp\/v2\/types\/page"}],"author":[{"embeddable":true,"href":"https:\/\/ucgedrs.com\/en\/wp-json\/wp\/v2\/users\/1"}],"replies":[{"embeddable":true,"href":"https:\/\/ucgedrs.com\/en\/wp-json\/wp\/v2\/comments?post=14467"}],"version-history":[{"count":0,"href":"https:\/\/ucgedrs.com\/en\/wp-json\/wp\/v2\/pages\/14467\/revisions"}],"wp:attachment":[{"href":"https:\/\/ucgedrs.com\/en\/wp-json\/wp\/v2\/media?parent=14467"}],"curies":[{"name":"wp","href":"https:\/\/api.w.org\/{rel}","templated":true}]}}